{"id":20892,"date":"2025-03-14T11:24:11","date_gmt":"2025-03-14T10:24:11","guid":{"rendered":"https:\/\/takecaremalaga.com\/tips-voor-je-vakantie\/handig-om-te-weten\/"},"modified":"2026-02-23T17:42:41","modified_gmt":"2026-02-23T16:42:41","slug":"handig-om-te-weten","status":"publish","type":"page","link":"https:\/\/takecaremalaga.com\/nl\/tips-voor-je-vakantie\/handig-om-te-weten\/","title":{"rendered":"Handig om te weten"},"content":{"rendered":"\t\t<div data-elementor-type=\"wp-page\" data-elementor-id=\"20892\" class=\"elementor elementor-20892 elementor-20880\">\n\t\t\t\t\t\t<section class=\"elementor-section elementor-top-section elementor-element elementor-element-d98f9cf elementor-section-boxed elementor-section-height-default elementor-section-height-default\" data-id=\"d98f9cf\" data-element_type=\"section\">\n\t\t\t\t\t\t<div class=\"elementor-container elementor-column-gap-default\">\n\t\t\t\t\t<div class=\"elementor-column elementor-col-100 elementor-top-column elementor-element elementor-element-e0e29fc\" data-id=\"e0e29fc\" data-element_type=\"column\">\n\t\t\t<div class=\"elementor-widget-wrap elementor-element-populated\">\n\t\t\t\t\t\t<div class=\"elementor-element elementor-element-4d44dbb elementor-widget elementor-widget-text-editor\" data-id=\"4d44dbb\" data-element_type=\"widget\" data-widget_type=\"text-editor.default\">\n\t\t\t\t<div class=\"elementor-widget-container\">\n\t\t\t\t\t\t\t\t\t<p>Plan je je vakantie in M\u00e1laga en heb je praktische reisinformatie nodig? Op deze pagina vind je essenti\u00eble tips over vervoer, reizen van de luchthaven van M\u00e1laga naar het stadscentrum, het weer en alles wat je nodig hebt voor een soepel en stressvrij verblijf.<\/p><p data-start=\"586\" data-end=\"1043\"><strong><a href=\"https:\/\/takecaremalaga.com\/take-care-malaga-city-guide\/\">Download onze reisgids voor M\u00e1laga<\/a><\/strong>\u00a0en ontdek alles wat je nodig hebt voor een onvergetelijke trip. Van de beste manieren om van de luchthaven van M\u00e1laga naar de stad te reizen, tot tips voor lokale gerechten en drankjes: we delen de top ontbijtplekken in M\u00e1laga, populaire lunchlocaties en stijlvolle rooftopbars. Daarnaast vind je een zorgvuldig samengestelde lijst met bezienswaardigheden in M\u00e1laga en activiteiten die je niet mag missen.<\/p><p data-start=\"1045\" data-end=\"1303\">Onze gids gaat verder dan de stad: ontdek inspirerende dagtochten vanuit M\u00e1laga, unieke attracties net buiten de stad, en praktische tips zoals nuttige Spaanse woorden en uitleg over lokale gerechten om je vakantie zo soepel mogelijk te laten verlopen.<\/p>\t\t\t\t\t\t\t\t<\/div>\n\t\t\t\t<\/div>\n\t\t\t\t<div class=\"elementor-element elementor-element-e4fa1b2 elementor-widget elementor-widget-ere-news-widget-home\" data-id=\"e4fa1b2\" data-element_type=\"widget\" data-widget_type=\"ere-news-widget-home.default\">\n\t\t\t\t<div class=\"elementor-widget-container\">\n\t\t\t\t\t            <section id=\"rh-e4fa1b2\" class=\"rhea_ele_property_ajax_target rhea_latest_properties_ajax rh_elementor_widget rh_wrapper__news_elementor\">\n                <div class=\"home-properties-section-inner-target\">\n                    <div class=\"rh_properties_pagination_append rh_section__news_elementor\">\n\t\t\t\t\t\t                            <article>\n\n                                <div class=\"rh_news_module_inner\">\n                                    <div class=\"rh-wrapper-post-media\">\n\t\t\t\t\t\t\t\t\t\t\t<figure>\n\t\t<a href=\"https:\/\/takecaremalaga.com\/nl\/bagagekluisjes-in-malaga\/\" title=\"Bagagekluisjes in Malaga\">\n\t\t\t<img fetchpriority=\"high\" decoding=\"async\" width=\"488\" height=\"326\" src=\"https:\/\/takecaremalaga.com\/wp-content\/uploads\/2024\/05\/vecteezy_closeup-view-of-a-lock-on-lockers_7440323-488x326.jpg\" class=\"attachment-property-thumb-image size-property-thumb-image wp-post-image\" alt=\"Lockers \/ bagagekluisjes for luggage\" \/>\t\t<\/a>\n\t<\/figure>\n\t                                    <\/div>\n\n                                    <div class=\"rh-wrapper-post-contents_elementor\">\n\t\t\t\t\t\t\t\t\t\t\n                                        <h3 class=\"post-title\">\n                                            <a href=\"https:\/\/takecaremalaga.com\/nl\/bagagekluisjes-in-malaga\/\">Bagagekluisjes in Malaga<\/a>\n                                        <\/h3>\n\n\t\t\t\t\t\t\t\t\t\t                                            <p>Regelmatig krijgen wij de vraag of onze gasten hun bagage langer in onze vakantiewoningen&hellip;<\/p>\n                                                                                <\/div>\n                                <\/div>\n                            <\/article>\n                                                        <article>\n\n                                <div class=\"rh_news_module_inner\">\n                                    <div class=\"rh-wrapper-post-media\">\n\t\t\t\t\t\t\t\t\t\t\t<figure>\n\t\t<a href=\"https:\/\/takecaremalaga.com\/nl\/autoverhuur\/\" title=\"Autoverhuur\">\n\t\t\t<img decoding=\"async\" width=\"488\" height=\"326\" src=\"https:\/\/takecaremalaga.com\/wp-content\/uploads\/2025\/07\/jeep-7853620_1280-488x326.jpg\" class=\"attachment-property-thumb-image size-property-thumb-image wp-post-image\" alt=\"\" \/>\t\t<\/a>\n\t<\/figure>\n\t                                    <\/div>\n\n                                    <div class=\"rh-wrapper-post-contents_elementor\">\n\t\t\t\t\t\t\t\t\t\t\n                                        <h3 class=\"post-title\">\n                                            <a href=\"https:\/\/takecaremalaga.com\/nl\/autoverhuur\/\">Autoverhuur<\/a>\n                                        <\/h3>\n\n\t\t\t\t\t\t\t\t\t\t                                            <p>Huur een auto in M\u00e1laga: 24\/7 geleverd en opgehaald waar je ook bent Wil&hellip;<\/p>\n                                                                                <\/div>\n                                <\/div>\n                            <\/article>\n                                                        <article>\n\n                                <div class=\"rh_news_module_inner\">\n                                    <div class=\"rh-wrapper-post-media\">\n\t\t\t\t\t\t\t\t\t\t\t<figure>\n\t\t<a href=\"https:\/\/takecaremalaga.com\/nl\/hoe-kom-je-van-malaga-luchthaven-naar-malaga-centrum\/\" title=\"Hoe kom je van M\u00e1laga Luchthaven naar M\u00e1laga Centrum?\">\n\t\t\t<img decoding=\"async\" width=\"488\" height=\"326\" src=\"https:\/\/takecaremalaga.com\/wp-content\/uploads\/2025\/08\/plane-7013022_1280-488x326.jpg\" class=\"attachment-property-thumb-image size-property-thumb-image wp-post-image\" alt=\"Flying airplane sunset\" srcset=\"https:\/\/takecaremalaga.com\/wp-content\/uploads\/2025\/08\/plane-7013022_1280-488x326.jpg 488w, https:\/\/takecaremalaga.com\/wp-content\/uploads\/2025\/08\/plane-7013022_1280-300x200.jpg 300w, https:\/\/takecaremalaga.com\/wp-content\/uploads\/2025\/08\/plane-7013022_1280-1024x682.jpg 1024w, https:\/\/takecaremalaga.com\/wp-content\/uploads\/2025\/08\/plane-7013022_1280-768x512.jpg 768w, https:\/\/takecaremalaga.com\/wp-content\/uploads\/2025\/08\/plane-7013022_1280-150x100.jpg 150w, https:\/\/takecaremalaga.com\/wp-content\/uploads\/2025\/08\/plane-7013022_1280.jpg 1280w\" sizes=\"(max-width: 488px) 100vw, 488px\" \/>\t\t<\/a>\n\t<\/figure>\n\t                                    <\/div>\n\n                                    <div class=\"rh-wrapper-post-contents_elementor\">\n\t\t\t\t\t\t\t\t\t\t\n                                        <h3 class=\"post-title\">\n                                            <a href=\"https:\/\/takecaremalaga.com\/nl\/hoe-kom-je-van-malaga-luchthaven-naar-malaga-centrum\/\">Hoe kom je van M\u00e1laga Luchthaven naar M\u00e1laga Centrum?<\/a>\n                                        <\/h3>\n\n\t\t\t\t\t\t\t\t\t\t                                            <p>Aankomen op het vliegveld van M\u00e1laga (AGP) is de eerste stap van je reis&hellip;<\/p>\n                                                                                <\/div>\n                                <\/div>\n                            <\/article>\n                                                        <article>\n\n                                <div class=\"rh_news_module_inner\">\n                                    <div class=\"rh-wrapper-post-media\">\n\t\t\t\t\t\t\t\t\t\t\t<figure>\n\t\t<a href=\"https:\/\/takecaremalaga.com\/nl\/waarom-eigen-een-vacantie-verhuur-in-malaga-een-slimme-investering-is\/\" title=\"Waarom het bezitten van een vakantiewoning in M\u00e1laga een slimme investering is\">\n\t\t\t<img loading=\"lazy\" decoding=\"async\" width=\"488\" height=\"326\" src=\"https:\/\/takecaremalaga.com\/wp-content\/uploads\/2025\/01\/468621695-1-488x326.jpg\" class=\"attachment-property-thumb-image size-property-thumb-image wp-post-image\" alt=\"\" srcset=\"https:\/\/takecaremalaga.com\/wp-content\/uploads\/2025\/01\/468621695-1-488x326.jpg 488w, https:\/\/takecaremalaga.com\/wp-content\/uploads\/2025\/01\/468621695-1-300x200.jpg 300w, https:\/\/takecaremalaga.com\/wp-content\/uploads\/2025\/01\/468621695-1-768x512.jpg 768w, https:\/\/takecaremalaga.com\/wp-content\/uploads\/2025\/01\/468621695-1-150x100.jpg 150w, https:\/\/takecaremalaga.com\/wp-content\/uploads\/2025\/01\/468621695-1.jpg 1024w\" sizes=\"(max-width: 488px) 100vw, 488px\" \/>\t\t<\/a>\n\t<\/figure>\n\t                                    <\/div>\n\n                                    <div class=\"rh-wrapper-post-contents_elementor\">\n\t\t\t\t\t\t\t\t\t\t\n                                        <h3 class=\"post-title\">\n                                            <a href=\"https:\/\/takecaremalaga.com\/nl\/waarom-eigen-een-vacantie-verhuur-in-malaga-een-slimme-investering-is\/\">Waarom het bezitten van een vakantiewoning in M\u00e1laga een slimme investering is<\/a>\n                                        <\/h3>\n\n\t\t\t\t\t\t\t\t\t\t                                            <p>M\u00e1laga, het zonovergoten juweel van de Spaanse Costa del Sol, is snel aan het&hellip;<\/p>\n                                                                                <\/div>\n                                <\/div>\n                            <\/article>\n                                                        <article>\n\n                                <div class=\"rh_news_module_inner\">\n                                    <div class=\"rh-wrapper-post-media\">\n\t\t\t\t\t\t\t\t\t\t\t<figure>\n\t\t<a href=\"https:\/\/takecaremalaga.com\/nl\/het-weer-in-malaga\/\" title=\"Het weer in Malaga\">\n\t\t\t<img loading=\"lazy\" decoding=\"async\" width=\"488\" height=\"326\" src=\"https:\/\/takecaremalaga.com\/wp-content\/uploads\/2025\/10\/Palm-tree-blue-sky-488x326.jpg\" class=\"attachment-property-thumb-image size-property-thumb-image wp-post-image\" alt=\"Palm tree blue sky\" srcset=\"https:\/\/takecaremalaga.com\/wp-content\/uploads\/2025\/10\/Palm-tree-blue-sky-488x326.jpg 488w, https:\/\/takecaremalaga.com\/wp-content\/uploads\/2025\/10\/Palm-tree-blue-sky-300x200.jpg 300w, https:\/\/takecaremalaga.com\/wp-content\/uploads\/2025\/10\/Palm-tree-blue-sky-1024x683.jpg 1024w, https:\/\/takecaremalaga.com\/wp-content\/uploads\/2025\/10\/Palm-tree-blue-sky-768x512.jpg 768w, https:\/\/takecaremalaga.com\/wp-content\/uploads\/2025\/10\/Palm-tree-blue-sky-1536x1024.jpg 1536w, https:\/\/takecaremalaga.com\/wp-content\/uploads\/2025\/10\/Palm-tree-blue-sky-2048x1365.jpg 2048w, https:\/\/takecaremalaga.com\/wp-content\/uploads\/2025\/10\/Palm-tree-blue-sky-150x100.jpg 150w\" sizes=\"(max-width: 488px) 100vw, 488px\" \/>\t\t<\/a>\n\t<\/figure>\n\t                                    <\/div>\n\n                                    <div class=\"rh-wrapper-post-contents_elementor\">\n\t\t\t\t\t\t\t\t\t\t\n                                        <h3 class=\"post-title\">\n                                            <a href=\"https:\/\/takecaremalaga.com\/nl\/het-weer-in-malaga\/\">Het weer in Malaga<\/a>\n                                        <\/h3>\n\n\t\t\t\t\t\t\t\t\t\t                                            <p>Ben je een stedentrip naar Malaga aan het plannen? Dat is een fantastisch idee!&hellip;<\/p>\n                                                                                <\/div>\n                                <\/div>\n                            <\/article>\n                                                <\/div>\n\t\t\t\t\t                        <div class=\"rhea_svg_loader\">\n\t\t\t\t\t\t\t<svg xmlns=\"http:\/\/www.w3.org\/2000\/svg\" viewBox=\"0 0 32 32\" width=\"32\" height=\"32\" fill=\"#dedede\">\n  <path transform=\"translate(2)\" d=\"M0 12 V20 H4 V12z\"> \n    <animate attributeName=\"d\" values=\"M0 12 V20 H4 V12z; M0 4 V28 H4 V4z; M0 12 V20 H4 V12z; M0 12 V20 H4 V12z\" dur=\"1.2s\" repeatCount=\"indefinite\" begin=\"0\" keytimes=\"0;.2;.5;1\" keySplines=\"0.2 0.2 0.4 0.8;0.2 0.6 0.4 0.8;0.2 0.8 0.4 0.8\" calcMode=\"spline\"  \/>\n  <\/path>\n  <path transform=\"translate(8)\" d=\"M0 12 V20 H4 V12z\">\n    <animate attributeName=\"d\" values=\"M0 12 V20 H4 V12z; M0 4 V28 H4 V4z; M0 12 V20 H4 V12z; M0 12 V20 H4 V12z\" dur=\"1.2s\" repeatCount=\"indefinite\" begin=\"0.2\" keytimes=\"0;.2;.5;1\" keySplines=\"0.2 0.2 0.4 0.8;0.2 0.6 0.4 0.8;0.2 0.8 0.4 0.8\" calcMode=\"spline\"  \/>\n  <\/path>\n  <path transform=\"translate(14)\" d=\"M0 12 V20 H4 V12z\">\n    <animate attributeName=\"d\" values=\"M0 12 V20 H4 V12z; M0 4 V28 H4 V4z; M0 12 V20 H4 V12z; M0 12 V20 H4 V12z\" dur=\"1.2s\" repeatCount=\"indefinite\" begin=\"0.4\" keytimes=\"0;.2;.5;1\" keySplines=\"0.2 0.2 0.4 0.8;0.2 0.6 0.4 0.8;0.2 0.8 0.4 0.8\" calcMode=\"spline\" \/>\n  <\/path>\n  <path transform=\"translate(20)\" d=\"M0 12 V20 H4 V12z\">\n    <animate attributeName=\"d\" values=\"M0 12 V20 H4 V12z; M0 4 V28 H4 V4z; M0 12 V20 H4 V12z; M0 12 V20 H4 V12z\" dur=\"1.2s\" repeatCount=\"indefinite\" begin=\"0.6\" keytimes=\"0;.2;.5;1\" keySplines=\"0.2 0.2 0.4 0.8;0.2 0.6 0.4 0.8;0.2 0.8 0.4 0.8\" calcMode=\"spline\" \/>\n  <\/path>\n  <path transform=\"translate(26)\" d=\"M0 12 V20 H4 V12z\">\n    <animate attributeName=\"d\" values=\"M0 12 V20 H4 V12z; M0 4 V28 H4 V4z; M0 12 V20 H4 V12z; M0 12 V20 H4 V12z\" dur=\"1.2s\" repeatCount=\"indefinite\" begin=\"0.8\" keytimes=\"0;.2;.5;1\" keySplines=\"0.2 0.2 0.4 0.8;0.2 0.6 0.4 0.8;0.2 0.8 0.4 0.8\" calcMode=\"spline\" \/>\n  <\/path>\n<\/svg>\n                        <\/div>\n\t\t\t\t\t\t                <\/div>\n            <\/section>\n\t\t\t\t\t\t\t<\/div>\n\t\t\t\t<\/div>\n\t\t\t\t\t<\/div>\n\t\t<\/div>\n\t\t\t\t\t<\/div>\n\t\t<\/section>\n\t\t\t\t<\/div>\n\t\t","protected":false},"excerpt":{"rendered":"<p>Plan je je vakantie in M\u00e1laga en heb je praktische reisinformatie nodig? Op deze pagina vind je essenti\u00eble tips over vervoer, reizen van de luchthaven van M\u00e1laga naar het stadscentrum, het weer en alles wat je nodig hebt voor een soepel en stressvrij verblijf. Download onze reisgids voor M\u00e1laga\u00a0en ontdek alles wat je nodig hebt&#8230;<\/p>\n","protected":false},"author":1,"featured_media":12480,"parent":7555,"menu_order":124,"comment_status":"closed","ping_status":"closed","template":"","meta":{"footnotes":""},"class_list":["post-20892","page","type-page","status-publish","has-post-thumbnail","hentry"],"yoast_head":"<!-- This site is optimized with the Yoast SEO plugin v27.5 - https:\/\/yoast.com\/product\/yoast-seo-wordpress\/ -->\n<title>Handig om te weten - Take Care M\u00e1laga<\/title>\n<meta name=\"description\" content=\"Handige tips om te weten over M\u00e1laga, van reisadvies tot diensten, om je bezoek of verblijf gemakkelijker en aangenamer te maken.\" \/>\n<meta name=\"robots\" content=\"index, follow, max-snippet:-1, max-image-preview:large, max-video-preview:-1\" \/>\n<link rel=\"canonical\" href=\"https:\/\/takecaremalaga.com\/nl\/tips-voor-je-vakantie\/handig-om-te-weten\/\" \/>\n<meta property=\"og:locale\" content=\"nl_NL\" \/>\n<meta property=\"og:type\" content=\"article\" \/>\n<meta property=\"og:title\" content=\"Handig om te weten - Take Care M\u00e1laga\" \/>\n<meta property=\"og:description\" content=\"Handige tips om te weten over M\u00e1laga, van reisadvies tot diensten, om je bezoek of verblijf gemakkelijker en aangenamer te maken.\" \/>\n<meta property=\"og:url\" content=\"https:\/\/takecaremalaga.com\/nl\/tips-voor-je-vakantie\/handig-om-te-weten\/\" \/>\n<meta property=\"og:site_name\" content=\"Take Care M\u00e1laga\" \/>\n<meta property=\"article:publisher\" content=\"https:\/\/www.facebook.com\/takecaremalaga\" \/>\n<meta property=\"article:modified_time\" content=\"2026-02-23T16:42:41+00:00\" \/>\n<meta property=\"og:image\" content=\"https:\/\/takecaremalaga.com\/wp-content\/uploads\/2024\/03\/KR-622.jpg\" \/>\n\t<meta property=\"og:image:width\" content=\"1024\" \/>\n\t<meta property=\"og:image:height\" content=\"681\" \/>\n\t<meta property=\"og:image:type\" content=\"image\/jpeg\" \/>\n<meta name=\"twitter:card\" content=\"summary_large_image\" \/>\n<meta name=\"twitter:label1\" content=\"Geschatte leestijd\" \/>\n\t<meta name=\"twitter:data1\" content=\"3 minuten\" \/>\n<script type=\"application\/ld+json\" class=\"yoast-schema-graph\">{\"@context\":\"https:\\\/\\\/schema.org\",\"@graph\":[{\"@type\":\"WebPage\",\"@id\":\"https:\\\/\\\/takecaremalaga.com\\\/nl\\\/tips-voor-je-vakantie\\\/handig-om-te-weten\\\/\",\"url\":\"https:\\\/\\\/takecaremalaga.com\\\/nl\\\/tips-voor-je-vakantie\\\/handig-om-te-weten\\\/\",\"name\":\"Handig om te weten - Take Care M\u00e1laga\",\"isPartOf\":{\"@id\":\"https:\\\/\\\/takecaremalaga.com\\\/nl\\\/#website\"},\"primaryImageOfPage\":{\"@id\":\"https:\\\/\\\/takecaremalaga.com\\\/nl\\\/tips-voor-je-vakantie\\\/handig-om-te-weten\\\/#primaryimage\"},\"image\":{\"@id\":\"https:\\\/\\\/takecaremalaga.com\\\/nl\\\/tips-voor-je-vakantie\\\/handig-om-te-weten\\\/#primaryimage\"},\"thumbnailUrl\":\"https:\\\/\\\/takecaremalaga.com\\\/wp-content\\\/uploads\\\/2024\\\/03\\\/KR-622.jpg\",\"datePublished\":\"2025-03-14T10:24:11+00:00\",\"dateModified\":\"2026-02-23T16:42:41+00:00\",\"description\":\"Handige tips om te weten over M\u00e1laga, van reisadvies tot diensten, om je bezoek of verblijf gemakkelijker en aangenamer te maken.\",\"breadcrumb\":{\"@id\":\"https:\\\/\\\/takecaremalaga.com\\\/nl\\\/tips-voor-je-vakantie\\\/handig-om-te-weten\\\/#breadcrumb\"},\"inLanguage\":\"nl-NL\",\"potentialAction\":[{\"@type\":\"ReadAction\",\"target\":[\"https:\\\/\\\/takecaremalaga.com\\\/nl\\\/tips-voor-je-vakantie\\\/handig-om-te-weten\\\/\"]}]},{\"@type\":\"ImageObject\",\"inLanguage\":\"nl-NL\",\"@id\":\"https:\\\/\\\/takecaremalaga.com\\\/nl\\\/tips-voor-je-vakantie\\\/handig-om-te-weten\\\/#primaryimage\",\"url\":\"https:\\\/\\\/takecaremalaga.com\\\/wp-content\\\/uploads\\\/2024\\\/03\\\/KR-622.jpg\",\"contentUrl\":\"https:\\\/\\\/takecaremalaga.com\\\/wp-content\\\/uploads\\\/2024\\\/03\\\/KR-622.jpg\",\"width\":1024,\"height\":681,\"caption\":\"View from rooftop bar Malaga AC Marriott\"},{\"@type\":\"BreadcrumbList\",\"@id\":\"https:\\\/\\\/takecaremalaga.com\\\/nl\\\/tips-voor-je-vakantie\\\/handig-om-te-weten\\\/#breadcrumb\",\"itemListElement\":[{\"@type\":\"ListItem\",\"position\":1,\"name\":\"Portada\",\"item\":\"https:\\\/\\\/takecaremalaga.com\\\/nl\\\/\"},{\"@type\":\"ListItem\",\"position\":2,\"name\":\"Tips voor je vakantie\",\"item\":\"https:\\\/\\\/takecaremalaga.com\\\/nl\\\/tips-voor-je-vakantie\\\/\"},{\"@type\":\"ListItem\",\"position\":3,\"name\":\"Handig om te weten\"}]},{\"@type\":\"WebSite\",\"@id\":\"https:\\\/\\\/takecaremalaga.com\\\/nl\\\/#website\",\"url\":\"https:\\\/\\\/takecaremalaga.com\\\/nl\\\/\",\"name\":\"Take Care M\u00e1laga\",\"description\":\"Vakantiewoningen in M\u00e1laga\",\"publisher\":{\"@id\":\"https:\\\/\\\/takecaremalaga.com\\\/nl\\\/#organization\"},\"potentialAction\":[{\"@type\":\"SearchAction\",\"target\":{\"@type\":\"EntryPoint\",\"urlTemplate\":\"https:\\\/\\\/takecaremalaga.com\\\/nl\\\/?s={search_term_string}\"},\"query-input\":{\"@type\":\"PropertyValueSpecification\",\"valueRequired\":true,\"valueName\":\"search_term_string\"}}],\"inLanguage\":\"nl-NL\"},{\"@type\":\"Organization\",\"@id\":\"https:\\\/\\\/takecaremalaga.com\\\/nl\\\/#organization\",\"name\":\"Take Care M\u00e1laga\",\"url\":\"https:\\\/\\\/takecaremalaga.com\\\/nl\\\/\",\"logo\":{\"@type\":\"ImageObject\",\"inLanguage\":\"nl-NL\",\"@id\":\"https:\\\/\\\/takecaremalaga.com\\\/nl\\\/#\\\/schema\\\/logo\\\/image\\\/\",\"url\":\"https:\\\/\\\/takecaremalaga.com\\\/wp-content\\\/uploads\\\/2020\\\/09\\\/logo-tcm-v2.png\",\"contentUrl\":\"https:\\\/\\\/takecaremalaga.com\\\/wp-content\\\/uploads\\\/2020\\\/09\\\/logo-tcm-v2.png\",\"width\":300,\"height\":100,\"caption\":\"Take Care M\u00e1laga\"},\"image\":{\"@id\":\"https:\\\/\\\/takecaremalaga.com\\\/nl\\\/#\\\/schema\\\/logo\\\/image\\\/\"},\"sameAs\":[\"https:\\\/\\\/www.facebook.com\\\/takecaremalaga\",\"https:\\\/\\\/www.instagram.com\\\/takecaremalaga\",\"https:\\\/\\\/www.linkedin.com\\\/company\\\/take-care-malaga\\\/\"]}]}<\/script>\n<!-- \/ Yoast SEO plugin. -->","yoast_head_json":{"title":"Handig om te weten - Take Care M\u00e1laga","description":"Handige tips om te weten over M\u00e1laga, van reisadvies tot diensten, om je bezoek of verblijf gemakkelijker en aangenamer te maken.","robots":{"index":"index","follow":"follow","max-snippet":"max-snippet:-1","max-image-preview":"max-image-preview:large","max-video-preview":"max-video-preview:-1"},"canonical":"https:\/\/takecaremalaga.com\/nl\/tips-voor-je-vakantie\/handig-om-te-weten\/","og_locale":"nl_NL","og_type":"article","og_title":"Handig om te weten - Take Care M\u00e1laga","og_description":"Handige tips om te weten over M\u00e1laga, van reisadvies tot diensten, om je bezoek of verblijf gemakkelijker en aangenamer te maken.","og_url":"https:\/\/takecaremalaga.com\/nl\/tips-voor-je-vakantie\/handig-om-te-weten\/","og_site_name":"Take Care M\u00e1laga","article_publisher":"https:\/\/www.facebook.com\/takecaremalaga","article_modified_time":"2026-02-23T16:42:41+00:00","og_image":[{"width":1024,"height":681,"url":"https:\/\/takecaremalaga.com\/wp-content\/uploads\/2024\/03\/KR-622.jpg","type":"image\/jpeg"}],"twitter_card":"summary_large_image","twitter_misc":{"Geschatte leestijd":"3 minuten"},"schema":{"@context":"https:\/\/schema.org","@graph":[{"@type":"WebPage","@id":"https:\/\/takecaremalaga.com\/nl\/tips-voor-je-vakantie\/handig-om-te-weten\/","url":"https:\/\/takecaremalaga.com\/nl\/tips-voor-je-vakantie\/handig-om-te-weten\/","name":"Handig om te weten - Take Care M\u00e1laga","isPartOf":{"@id":"https:\/\/takecaremalaga.com\/nl\/#website"},"primaryImageOfPage":{"@id":"https:\/\/takecaremalaga.com\/nl\/tips-voor-je-vakantie\/handig-om-te-weten\/#primaryimage"},"image":{"@id":"https:\/\/takecaremalaga.com\/nl\/tips-voor-je-vakantie\/handig-om-te-weten\/#primaryimage"},"thumbnailUrl":"https:\/\/takecaremalaga.com\/wp-content\/uploads\/2024\/03\/KR-622.jpg","datePublished":"2025-03-14T10:24:11+00:00","dateModified":"2026-02-23T16:42:41+00:00","description":"Handige tips om te weten over M\u00e1laga, van reisadvies tot diensten, om je bezoek of verblijf gemakkelijker en aangenamer te maken.","breadcrumb":{"@id":"https:\/\/takecaremalaga.com\/nl\/tips-voor-je-vakantie\/handig-om-te-weten\/#breadcrumb"},"inLanguage":"nl-NL","potentialAction":[{"@type":"ReadAction","target":["https:\/\/takecaremalaga.com\/nl\/tips-voor-je-vakantie\/handig-om-te-weten\/"]}]},{"@type":"ImageObject","inLanguage":"nl-NL","@id":"https:\/\/takecaremalaga.com\/nl\/tips-voor-je-vakantie\/handig-om-te-weten\/#primaryimage","url":"https:\/\/takecaremalaga.com\/wp-content\/uploads\/2024\/03\/KR-622.jpg","contentUrl":"https:\/\/takecaremalaga.com\/wp-content\/uploads\/2024\/03\/KR-622.jpg","width":1024,"height":681,"caption":"View from rooftop bar Malaga AC Marriott"},{"@type":"BreadcrumbList","@id":"https:\/\/takecaremalaga.com\/nl\/tips-voor-je-vakantie\/handig-om-te-weten\/#breadcrumb","itemListElement":[{"@type":"ListItem","position":1,"name":"Portada","item":"https:\/\/takecaremalaga.com\/nl\/"},{"@type":"ListItem","position":2,"name":"Tips voor je vakantie","item":"https:\/\/takecaremalaga.com\/nl\/tips-voor-je-vakantie\/"},{"@type":"ListItem","position":3,"name":"Handig om te weten"}]},{"@type":"WebSite","@id":"https:\/\/takecaremalaga.com\/nl\/#website","url":"https:\/\/takecaremalaga.com\/nl\/","name":"Take Care M\u00e1laga","description":"Vakantiewoningen in M\u00e1laga","publisher":{"@id":"https:\/\/takecaremalaga.com\/nl\/#organization"},"potentialAction":[{"@type":"SearchAction","target":{"@type":"EntryPoint","urlTemplate":"https:\/\/takecaremalaga.com\/nl\/?s={search_term_string}"},"query-input":{"@type":"PropertyValueSpecification","valueRequired":true,"valueName":"search_term_string"}}],"inLanguage":"nl-NL"},{"@type":"Organization","@id":"https:\/\/takecaremalaga.com\/nl\/#organization","name":"Take Care M\u00e1laga","url":"https:\/\/takecaremalaga.com\/nl\/","logo":{"@type":"ImageObject","inLanguage":"nl-NL","@id":"https:\/\/takecaremalaga.com\/nl\/#\/schema\/logo\/image\/","url":"https:\/\/takecaremalaga.com\/wp-content\/uploads\/2020\/09\/logo-tcm-v2.png","contentUrl":"https:\/\/takecaremalaga.com\/wp-content\/uploads\/2020\/09\/logo-tcm-v2.png","width":300,"height":100,"caption":"Take Care M\u00e1laga"},"image":{"@id":"https:\/\/takecaremalaga.com\/nl\/#\/schema\/logo\/image\/"},"sameAs":["https:\/\/www.facebook.com\/takecaremalaga","https:\/\/www.instagram.com\/takecaremalaga","https:\/\/www.linkedin.com\/company\/take-care-malaga\/"]}]}},"_links":{"self":[{"href":"https:\/\/takecaremalaga.com\/nl\/wp-json\/wp\/v2\/pages\/20892","targetHints":{"allow":["GET"]}}],"collection":[{"href":"https:\/\/takecaremalaga.com\/nl\/wp-json\/wp\/v2\/pages"}],"about":[{"href":"https:\/\/takecaremalaga.com\/nl\/wp-json\/wp\/v2\/types\/page"}],"author":[{"embeddable":true,"href":"https:\/\/takecaremalaga.com\/nl\/wp-json\/wp\/v2\/users\/1"}],"replies":[{"embeddable":true,"href":"https:\/\/takecaremalaga.com\/nl\/wp-json\/wp\/v2\/comments?post=20892"}],"version-history":[{"count":7,"href":"https:\/\/takecaremalaga.com\/nl\/wp-json\/wp\/v2\/pages\/20892\/revisions"}],"predecessor-version":[{"id":24077,"href":"https:\/\/takecaremalaga.com\/nl\/wp-json\/wp\/v2\/pages\/20892\/revisions\/24077"}],"up":[{"embeddable":true,"href":"https:\/\/takecaremalaga.com\/nl\/wp-json\/wp\/v2\/pages\/7555"}],"wp:featuredmedia":[{"embeddable":true,"href":"https:\/\/takecaremalaga.com\/nl\/wp-json\/wp\/v2\/media\/12480"}],"wp:attachment":[{"href":"https:\/\/takecaremalaga.com\/nl\/wp-json\/wp\/v2\/media?parent=20892"}],"curies":[{"name":"wp","href":"https:\/\/api.w.org\/{rel}","templated":true}]}}