{"id":3588,"date":"2019-06-27T12:43:06","date_gmt":"2019-06-27T12:43:06","guid":{"rendered":"http:\/\/inspirythemesdemo.com\/realplaces\/?page_id=3580"},"modified":"2024-02-16T14:04:45","modified_gmt":"2024-02-16T14:04:45","slug":"preguntas-frecuentes","status":"publish","type":"page","link":"https:\/\/takecaremalaga.com\/es\/preguntas-frecuentes\/","title":{"rendered":"FAQ"},"content":{"rendered":"\n          \n\n          <div class=\"wp-block-quick-and-easy-faqs-faqs-accordion\">\n                        <div class=\"qae-faqs-container qae-faqs-toggle-container\">\n\t\t\t\t\t\t<div id=\"qaef-21014\" class=\"qe-faq-toggle \">\n\t\t\t<div class=\"qe-toggle-title\">\n\t\t\t\t<h4>\n\t\t\t\t\t<i class=\"fa fa-minus-circle\"><\/i> \u00bfCu\u00e1l es su pol\u00edtica de cancelaci\u00f3n?\t\t\t\t<\/h4>\n\t\t\t<\/div>\n\t\t\t<div class=\"qe-toggle-content\">\n\t\t\t\t\n<p>Nuestra pol\u00edtica de cancelaci\u00f3n var\u00eda seg\u00fan el establecimiento. Para m\u00e1s informaci\u00f3n, consulte la secci\u00f3n \u00abPol\u00edticas\u00bb de cada propiedad.<\/p>\n\t\t\t<\/div>\n\t\t<\/div>\n\t\t\t\t<div id=\"qaef-20926\" class=\"qe-faq-toggle \">\n\t\t\t<div class=\"qe-toggle-title\">\n\t\t\t\t<h4>\n\t\t\t\t\t<i class=\"fa fa-minus-circle\"><\/i> \u00bfPuedo solicitar un traslado en taxi?\t\t\t\t<\/h4>\n\t\t\t<\/div>\n\t\t\t<div class=\"qe-toggle-content\">\n\t\t\t\t\n<p>S\u00ed, ofrecemos un servicio de traslado en taxi entre el aeropuerto y su alojamiento, y tambi\u00e9n a otros lugares. El pago puede hacerse al conductor en efectivo o con tarjeta.<br \/><br \/>P\u00f3ngase en contacto con nosotros para consultar precios y reservar su traslado <a href=\"https:\/\/takecaremalaga.com\/reserve-your-airport-transfer\/\">rellenando este formulario.<\/a><\/p>\n\t\t\t<\/div>\n\t\t<\/div>\n\t\t\t\t<div id=\"qaef-8169\" class=\"qe-faq-toggle \">\n\t\t\t<div class=\"qe-toggle-title\">\n\t\t\t\t<h4>\n\t\t\t\t\t<i class=\"fa fa-minus-circle\"><\/i> \u00bfCu\u00e1ndo se confirma la reserva?\t\t\t\t<\/h4>\n\t\t\t<\/div>\n\t\t\t<div class=\"qe-toggle-content\">\n\t\t\t\t\n<p>La reserva queda confirmada cuando se completa el pago y recibe una confirmaci\u00f3n de reserva en su buz\u00f3n de correo electr\u00f3nico.<\/p>\n\t\t\t<\/div>\n\t\t<\/div>\n\t\t\t\t<div id=\"qaef-8172\" class=\"qe-faq-toggle \">\n\t\t\t<div class=\"qe-toggle-title\">\n\t\t\t\t<h4>\n\t\t\t\t\t<i class=\"fa fa-minus-circle\"><\/i> No he recibido la confirmaci\u00f3n de la reserva, \u00bfqu\u00e9 debo hacer?\t\t\t\t<\/h4>\n\t\t\t<\/div>\n\t\t\t<div class=\"qe-toggle-content\">\n\t\t\t\t\n<p>Si ha realizado el pago pero no ha recibido la confirmaci\u00f3n, compruebe primero su carpeta de correo no deseado. Si no est\u00e1, ponte en contacto con nosotros por correo electr\u00f3nico y comprobaremos tu reserva.<\/p>\n\t\t\t<\/div>\n\t\t<\/div>\n\t\t\t\t<div id=\"qaef-8205\" class=\"qe-faq-toggle \">\n\t\t\t<div class=\"qe-toggle-title\">\n\t\t\t\t<h4>\n\t\t\t\t\t<i class=\"fa fa-minus-circle\"><\/i> Estoy interesado en comprar una propiedad, \u00bfc\u00f3mo funciona?\t\t\t\t<\/h4>\n\t\t\t<\/div>\n\t\t\t<div class=\"qe-toggle-content\">\n\t\t\t\t\n<p>Si est\u00e1 interesado en comprar una propiedad, p\u00f3ngase en contacto con El Fike. Para obtener informaci\u00f3n de contacto, eche un vistazo a su sitio web <a href=\"https:\/\/www.elfike.com\/nl\/\">www.elfike.com <\/a><\/p>\n\t\t\t<\/div>\n\t\t<\/div>\n\t\t\t\t<div id=\"qaef-8175\" class=\"qe-faq-toggle \">\n\t\t\t<div class=\"qe-toggle-title\">\n\t\t\t\t<h4>\n\t\t\t\t\t<i class=\"fa fa-minus-circle\"><\/i> \u00bfPuedo prolongar mi estancia?\t\t\t\t<\/h4>\n\t\t\t<\/div>\n\t\t\t<div class=\"qe-toggle-content\">\n\t\t\t\t\n<p>Es posible prolongar su estancia, siempre que la propiedad siga estando disponible. Con mucho gusto. \ud83d\ude42 P\u00f3ngase en contacto con nosotros.<\/p>\n\t\t\t<\/div>\n\t\t<\/div>\n\t\t\t\t<div id=\"qaef-8178\" class=\"qe-faq-toggle \">\n\t\t\t<div class=\"qe-toggle-title\">\n\t\t\t\t<h4>\n\t\t\t\t\t<i class=\"fa fa-minus-circle\"><\/i> \u00bfPuedo cambiar mi reserva?\t\t\t\t<\/h4>\n\t\t\t<\/div>\n\t\t\t<div class=\"qe-toggle-content\">\n\t\t\t\t\n<p>La mejor manera de cambiar una reserva es ponerse en contacto con nosotros por correo electr\u00f3nico. Estaremos encantados de estudiar las posibilidades con usted.<\/p>\n\t\t\t<\/div>\n\t\t<\/div>\n\t\t\t\t<div id=\"qaef-8202\" class=\"qe-faq-toggle \">\n\t\t\t<div class=\"qe-toggle-title\">\n\t\t\t\t<h4>\n\t\t\t\t\t<i class=\"fa fa-minus-circle\"><\/i> \u00bfEs posible reservar\/optar por un alojamiento?\t\t\t\t<\/h4>\n\t\t\t<\/div>\n\t\t\t<div class=\"qe-toggle-content\">\n\t\t\t\t\n<p>Es posible reservar un alojamiento en nuestro sitio web. En nuestra <a href=\"https:\/\/takecaremalaga.com\/es\/\">p\u00e1gina de inicio<\/a> puede introducir sus fechas en la barra de b\u00fasqueda y podr\u00e1 ver todas las propiedades disponibles.<br>Si ya ha elegido una propiedad que le gustar\u00eda reservar, vaya a la p\u00e1gina de esa propiedad y rellene aqu\u00ed sus fechas de llegada y salida, la cantidad de hu\u00e9spedes y haga clic en Buscar. Ahora s\u00f3lo tiene que rellenar los datos de la reserva y realizarla.<br>Es necesario realizar el pago completo para confirmar su reserva. En la p\u00e1gina de cada propiedad puedes ver la pol\u00edtica de cancelaci\u00f3n en &#8216;Pol\u00edticas&#8217;.<\/p>\n\t\t\t<\/div>\n\t\t<\/div>\n\t\t\t\t<div id=\"qaef-8181\" class=\"qe-faq-toggle \">\n\t\t\t<div class=\"qe-toggle-title\">\n\t\t\t\t<h4>\n\t\t\t\t\t<i class=\"fa fa-minus-circle\"><\/i> \u00bfSe admiten animales en los alojamientos?\t\t\t\t<\/h4>\n\t\t\t<\/div>\n\t\t\t<div class=\"qe-toggle-content\">\n\t\t\t\t\n<p>Lamentablemente, no se admiten mascotas en nuestros alojamientos.<\/p>\n\t\t\t<\/div>\n\t\t<\/div>\n\t\t\t\t<div id=\"qaef-8184\" class=\"qe-faq-toggle \">\n\t\t\t<div class=\"qe-toggle-title\">\n\t\t\t\t<h4>\n\t\t\t\t\t<i class=\"fa fa-minus-circle\"><\/i> \u00bfCon qui\u00e9n debo ponerme en contacto en caso de emergencia?\t\t\t\t<\/h4>\n\t\t\t<\/div>\n\t\t\t<div class=\"qe-toggle-content\">\n\t\t\t\t\n<p>En caso de emergencia de su alojamiento, p\u00f3ngase en contacto con el n\u00famero de tel\u00e9fono +34 624 440 972. En caso de urgencia m\u00e9dica, llame al 112, el tel\u00e9fono europeo de emergencias.<\/p>\n\t\t\t<\/div>\n\t\t<\/div>\n\t\t\t\t<div id=\"qaef-8190\" class=\"qe-faq-toggle \">\n\t\t\t<div class=\"qe-toggle-title\">\n\t\t\t\t<h4>\n\t\t\t\t\t<i class=\"fa fa-minus-circle\"><\/i> \u00bfPuedo dejar mi equipaje en el alojamiento?\t\t\t\t<\/h4>\n\t\t\t<\/div>\n\t\t\t<div class=\"qe-toggle-content\">\n\t\t\t\t\n<p>Estaremos encantados de ayudarle, pero no siempre es posible. P\u00f3ngase en contacto con nosotros para ver si es posible para sus fechas.<\/p>\n\n\n\n<p>Si no puede dejar su equipaje en el alojamiento, puede dejarlo en uno de los dep\u00f3sitos de equipaje de la ciudad: <a href=\"https:\/\/takecaremalaga.com\/es\/consignas-de-equipaje-en-malaga\/\">consulte una lista de ellos aqu\u00ed.<\/a><\/p>\n\t\t\t<\/div>\n\t\t<\/div>\n\t\t\t\t<div id=\"qaef-8187\" class=\"qe-faq-toggle \">\n\t\t\t<div class=\"qe-toggle-title\">\n\t\t\t\t<h4>\n\t\t\t\t\t<i class=\"fa fa-minus-circle\"><\/i> \u00bfEs posible entrar antes o salir despu\u00e9s?\t\t\t\t<\/h4>\n\t\t\t<\/div>\n\t\t\t<div class=\"qe-toggle-content\">\n\t\t\t\t\n<p>Tenemos horarios est\u00e1ndar de entrada y salida. Check-out no m\u00e1s tarde de las 11:00 y check-in a partir de las 15:00. En algunos casos es posible desviarse de estos horarios. En caso de salida tard\u00eda, cobramos un suplemento. Cons\u00faltenos las posibilidades.<\/p>\n\t\t\t<\/div>\n\t\t<\/div>\n\t\t\t\t<div id=\"qaef-8193\" class=\"qe-faq-toggle \">\n\t\t\t<div class=\"qe-toggle-title\">\n\t\t\t\t<h4>\n\t\t\t\t\t<i class=\"fa fa-minus-circle\"><\/i> \u00bfC\u00f3mo hago el check-in?\t\t\t\t<\/h4>\n\t\t\t<\/div>\n\t\t\t<div class=\"qe-toggle-content\">\n\t\t\t\t\n<p>Dos d\u00edas antes de su llegada recibir\u00e1 nuestras instrucciones para el registro de entrada, en las que le explicamos claramente c\u00f3mo hacerlo de forma independiente.<\/p>\n\t\t\t<\/div>\n\t\t<\/div>\n\t\t\t\t<div id=\"qaef-8196\" class=\"qe-faq-toggle \">\n\t\t\t<div class=\"qe-toggle-title\">\n\t\t\t\t<h4>\n\t\t\t\t\t<i class=\"fa fa-minus-circle\"><\/i> Viajo con un ni\u00f1o o un beb\u00e9, \u00bfhay facilidades para ello?\t\t\t\t<\/h4>\n\t\t\t<\/div>\n\t\t\t<div class=\"qe-toggle-content\">\n\t\t\t\t\n<p>Muchas de nuestras propiedades est\u00e1n equipadas con cunas y tronas, y si es as\u00ed, se menciona en la descripci\u00f3n. Si tiene dudas o preguntas sobre una propiedad en concreto, p\u00f3ngase en contacto con nosotros para que se lo comprobemos.<\/p>\n\n\n\n<p>Av\u00edsenos con antelaci\u00f3n si desea hacer uso de estas instalaciones, para que podamos prepar\u00e1rselas.<\/p>\n\t\t\t<\/div>\n\t\t<\/div>\n\t\t\t\t<div id=\"qaef-8199\" class=\"qe-faq-toggle \">\n\t\t\t<div class=\"qe-toggle-title\">\n\t\t\t\t<h4>\n\t\t\t\t\t<i class=\"fa fa-minus-circle\"><\/i> \u00bfSe proporcionan toallas y ropa de cama?\t\t\t\t<\/h4>\n\t\t\t<\/div>\n\t\t\t<div class=\"qe-toggle-content\">\n\t\t\t\t\n<p>Nuestros alojamientos disponen de toallas y ropa de cama.<\/p>\n\t\t\t<\/div>\n\t\t<\/div>\n\t\t\t\t<div id=\"qaef-8208\" class=\"qe-faq-toggle \">\n\t\t\t<div class=\"qe-toggle-title\">\n\t\t\t\t<h4>\n\t\t\t\t\t<i class=\"fa fa-minus-circle\"><\/i> \u00bfQu\u00e9 podemos hacer en los alrededores?\t\t\t\t<\/h4>\n\t\t\t<\/div>\n\t\t\t<div class=\"qe-toggle-content\">\n\t\t\t\t\n<p>Hemos preparado un folleto con consejos y recomendaciones en M\u00e1laga y sus alrededores. Este folleto estar\u00e1 presente en la casa. Nuestras recomendaciones tambi\u00e9n se pueden encontrar en la p\u00e1gina web bajo &#8216;<a href=\"https:\/\/takecaremalaga.com\/es\/consejos-para-tus-vacaciones\/\">Consejos para tus vacaciones<\/a>&#8216;.<\/p>\n\t\t\t<\/div>\n\t\t<\/div>\n\t\t            <\/div>\n\t\t\n          <\/div>\n          \n\n        \n","protected":false},"excerpt":{"rendered":"","protected":false},"author":1,"featured_media":0,"parent":0,"menu_order":15,"comment_status":"closed","ping_status":"closed","template":"","meta":{"footnotes":""},"class_list":["post-3588","page","type-page","status-publish","hentry"],"yoast_head":"<!-- This site is optimized with the Yoast SEO plugin v27.5 - https:\/\/yoast.com\/product\/yoast-seo-wordpress\/ -->\n<title>FAQ - Take Care M\u00e1laga<\/title>\n<meta name=\"description\" content=\"Consulte nuestras preguntas m\u00e1s frecuentes. Aqu\u00ed encontrar\u00e1 todo lo que puede desear saber antes de hacer una reserva con nosotros.\" \/>\n<meta name=\"robots\" content=\"index, follow, max-snippet:-1, max-image-preview:large, max-video-preview:-1\" \/>\n<link rel=\"canonical\" href=\"https:\/\/takecaremalaga.com\/es\/preguntas-frecuentes\/\" \/>\n<meta property=\"og:locale\" content=\"es_ES\" \/>\n<meta property=\"og:type\" content=\"article\" \/>\n<meta property=\"og:title\" content=\"FAQ - Take Care M\u00e1laga\" \/>\n<meta property=\"og:description\" content=\"Consulte nuestras preguntas m\u00e1s frecuentes. Aqu\u00ed encontrar\u00e1 todo lo que puede desear saber antes de hacer una reserva con nosotros.\" \/>\n<meta property=\"og:url\" content=\"https:\/\/takecaremalaga.com\/es\/preguntas-frecuentes\/\" \/>\n<meta property=\"og:site_name\" content=\"Take Care M\u00e1laga\" \/>\n<meta property=\"article:publisher\" content=\"https:\/\/www.facebook.com\/takecaremalaga\" \/>\n<meta property=\"article:modified_time\" content=\"2024-02-16T14:04:45+00:00\" \/>\n<meta name=\"twitter:card\" content=\"summary_large_image\" \/>\n<script type=\"application\/ld+json\" class=\"yoast-schema-graph\">{\"@context\":\"https:\\\/\\\/schema.org\",\"@graph\":[{\"@type\":\"WebPage\",\"@id\":\"https:\\\/\\\/takecaremalaga.com\\\/es\\\/preguntas-frecuentes\\\/\",\"url\":\"https:\\\/\\\/takecaremalaga.com\\\/es\\\/preguntas-frecuentes\\\/\",\"name\":\"FAQ - Take Care M\u00e1laga\",\"isPartOf\":{\"@id\":\"https:\\\/\\\/takecaremalaga.com\\\/es\\\/#website\"},\"datePublished\":\"2019-06-27T12:43:06+00:00\",\"dateModified\":\"2024-02-16T14:04:45+00:00\",\"description\":\"Consulte nuestras preguntas m\u00e1s frecuentes. Aqu\u00ed encontrar\u00e1 todo lo que puede desear saber antes de hacer una reserva con nosotros.\",\"breadcrumb\":{\"@id\":\"https:\\\/\\\/takecaremalaga.com\\\/es\\\/preguntas-frecuentes\\\/#breadcrumb\"},\"inLanguage\":\"es\",\"potentialAction\":[{\"@type\":\"ReadAction\",\"target\":[\"https:\\\/\\\/takecaremalaga.com\\\/es\\\/preguntas-frecuentes\\\/\"]}]},{\"@type\":\"BreadcrumbList\",\"@id\":\"https:\\\/\\\/takecaremalaga.com\\\/es\\\/preguntas-frecuentes\\\/#breadcrumb\",\"itemListElement\":[{\"@type\":\"ListItem\",\"position\":1,\"name\":\"Portada\",\"item\":\"https:\\\/\\\/takecaremalaga.com\\\/es\\\/\"},{\"@type\":\"ListItem\",\"position\":2,\"name\":\"FAQ\"}]},{\"@type\":\"WebSite\",\"@id\":\"https:\\\/\\\/takecaremalaga.com\\\/es\\\/#website\",\"url\":\"https:\\\/\\\/takecaremalaga.com\\\/es\\\/\",\"name\":\"Take Care M\u00e1laga\",\"description\":\"Propiedades Vacacionales en M\u00e1laga\",\"publisher\":{\"@id\":\"https:\\\/\\\/takecaremalaga.com\\\/es\\\/#organization\"},\"potentialAction\":[{\"@type\":\"SearchAction\",\"target\":{\"@type\":\"EntryPoint\",\"urlTemplate\":\"https:\\\/\\\/takecaremalaga.com\\\/es\\\/?s={search_term_string}\"},\"query-input\":{\"@type\":\"PropertyValueSpecification\",\"valueRequired\":true,\"valueName\":\"search_term_string\"}}],\"inLanguage\":\"es\"},{\"@type\":\"Organization\",\"@id\":\"https:\\\/\\\/takecaremalaga.com\\\/es\\\/#organization\",\"name\":\"Take Care M\u00e1laga\",\"url\":\"https:\\\/\\\/takecaremalaga.com\\\/es\\\/\",\"logo\":{\"@type\":\"ImageObject\",\"inLanguage\":\"es\",\"@id\":\"https:\\\/\\\/takecaremalaga.com\\\/es\\\/#\\\/schema\\\/logo\\\/image\\\/\",\"url\":\"https:\\\/\\\/takecaremalaga.com\\\/wp-content\\\/uploads\\\/2020\\\/09\\\/logo-tcm-v2.png\",\"contentUrl\":\"https:\\\/\\\/takecaremalaga.com\\\/wp-content\\\/uploads\\\/2020\\\/09\\\/logo-tcm-v2.png\",\"width\":300,\"height\":100,\"caption\":\"Take Care M\u00e1laga\"},\"image\":{\"@id\":\"https:\\\/\\\/takecaremalaga.com\\\/es\\\/#\\\/schema\\\/logo\\\/image\\\/\"},\"sameAs\":[\"https:\\\/\\\/www.facebook.com\\\/takecaremalaga\",\"https:\\\/\\\/www.instagram.com\\\/takecaremalaga\",\"https:\\\/\\\/www.linkedin.com\\\/company\\\/take-care-malaga\\\/\"]}]}<\/script>\n<!-- \/ Yoast SEO plugin. -->","yoast_head_json":{"title":"FAQ - Take Care M\u00e1laga","description":"Consulte nuestras preguntas m\u00e1s frecuentes. Aqu\u00ed encontrar\u00e1 todo lo que puede desear saber antes de hacer una reserva con nosotros.","robots":{"index":"index","follow":"follow","max-snippet":"max-snippet:-1","max-image-preview":"max-image-preview:large","max-video-preview":"max-video-preview:-1"},"canonical":"https:\/\/takecaremalaga.com\/es\/preguntas-frecuentes\/","og_locale":"es_ES","og_type":"article","og_title":"FAQ - Take Care M\u00e1laga","og_description":"Consulte nuestras preguntas m\u00e1s frecuentes. Aqu\u00ed encontrar\u00e1 todo lo que puede desear saber antes de hacer una reserva con nosotros.","og_url":"https:\/\/takecaremalaga.com\/es\/preguntas-frecuentes\/","og_site_name":"Take Care M\u00e1laga","article_publisher":"https:\/\/www.facebook.com\/takecaremalaga","article_modified_time":"2024-02-16T14:04:45+00:00","twitter_card":"summary_large_image","schema":{"@context":"https:\/\/schema.org","@graph":[{"@type":"WebPage","@id":"https:\/\/takecaremalaga.com\/es\/preguntas-frecuentes\/","url":"https:\/\/takecaremalaga.com\/es\/preguntas-frecuentes\/","name":"FAQ - Take Care M\u00e1laga","isPartOf":{"@id":"https:\/\/takecaremalaga.com\/es\/#website"},"datePublished":"2019-06-27T12:43:06+00:00","dateModified":"2024-02-16T14:04:45+00:00","description":"Consulte nuestras preguntas m\u00e1s frecuentes. Aqu\u00ed encontrar\u00e1 todo lo que puede desear saber antes de hacer una reserva con nosotros.","breadcrumb":{"@id":"https:\/\/takecaremalaga.com\/es\/preguntas-frecuentes\/#breadcrumb"},"inLanguage":"es","potentialAction":[{"@type":"ReadAction","target":["https:\/\/takecaremalaga.com\/es\/preguntas-frecuentes\/"]}]},{"@type":"BreadcrumbList","@id":"https:\/\/takecaremalaga.com\/es\/preguntas-frecuentes\/#breadcrumb","itemListElement":[{"@type":"ListItem","position":1,"name":"Portada","item":"https:\/\/takecaremalaga.com\/es\/"},{"@type":"ListItem","position":2,"name":"FAQ"}]},{"@type":"WebSite","@id":"https:\/\/takecaremalaga.com\/es\/#website","url":"https:\/\/takecaremalaga.com\/es\/","name":"Take Care M\u00e1laga","description":"Propiedades Vacacionales en M\u00e1laga","publisher":{"@id":"https:\/\/takecaremalaga.com\/es\/#organization"},"potentialAction":[{"@type":"SearchAction","target":{"@type":"EntryPoint","urlTemplate":"https:\/\/takecaremalaga.com\/es\/?s={search_term_string}"},"query-input":{"@type":"PropertyValueSpecification","valueRequired":true,"valueName":"search_term_string"}}],"inLanguage":"es"},{"@type":"Organization","@id":"https:\/\/takecaremalaga.com\/es\/#organization","name":"Take Care M\u00e1laga","url":"https:\/\/takecaremalaga.com\/es\/","logo":{"@type":"ImageObject","inLanguage":"es","@id":"https:\/\/takecaremalaga.com\/es\/#\/schema\/logo\/image\/","url":"https:\/\/takecaremalaga.com\/wp-content\/uploads\/2020\/09\/logo-tcm-v2.png","contentUrl":"https:\/\/takecaremalaga.com\/wp-content\/uploads\/2020\/09\/logo-tcm-v2.png","width":300,"height":100,"caption":"Take Care M\u00e1laga"},"image":{"@id":"https:\/\/takecaremalaga.com\/es\/#\/schema\/logo\/image\/"},"sameAs":["https:\/\/www.facebook.com\/takecaremalaga","https:\/\/www.instagram.com\/takecaremalaga","https:\/\/www.linkedin.com\/company\/take-care-malaga\/"]}]}},"_links":{"self":[{"href":"https:\/\/takecaremalaga.com\/es\/wp-json\/wp\/v2\/pages\/3588","targetHints":{"allow":["GET"]}}],"collection":[{"href":"https:\/\/takecaremalaga.com\/es\/wp-json\/wp\/v2\/pages"}],"about":[{"href":"https:\/\/takecaremalaga.com\/es\/wp-json\/wp\/v2\/types\/page"}],"author":[{"embeddable":true,"href":"https:\/\/takecaremalaga.com\/es\/wp-json\/wp\/v2\/users\/1"}],"replies":[{"embeddable":true,"href":"https:\/\/takecaremalaga.com\/es\/wp-json\/wp\/v2\/comments?post=3588"}],"version-history":[{"count":3,"href":"https:\/\/takecaremalaga.com\/es\/wp-json\/wp\/v2\/pages\/3588\/revisions"}],"predecessor-version":[{"id":12428,"href":"https:\/\/takecaremalaga.com\/es\/wp-json\/wp\/v2\/pages\/3588\/revisions\/12428"}],"wp:attachment":[{"href":"https:\/\/takecaremalaga.com\/es\/wp-json\/wp\/v2\/media?parent=3588"}],"curies":[{"name":"wp","href":"https:\/\/api.w.org\/{rel}","templated":true}]}}