{"id":3,"date":"2023-01-25T17:23:31","date_gmt":"2023-01-25T17:23:31","guid":{"rendered":"https:\/\/takecaremalaga.com\/?page_id=3"},"modified":"2024-07-09T12:03:40","modified_gmt":"2024-07-09T12:03:40","slug":"politica-privacidad","status":"publish","type":"page","link":"https:\/\/takecaremalaga.com\/es\/politica-privacidad\/","title":{"rendered":"Pol\u00edtica de privacidad"},"content":{"rendered":"\n<p>En Take Care M\u00e1laga nos preocupamos por mantener la confidencialidad de tus datos. A continuaci\u00f3n, puedes ver toda la informaci\u00f3n necesaria sobre nuestra Pol\u00edtica de Privacidad en relaci\u00f3n con los datos personales que recabamos en nuestra Web:<\/p>\n\n\n\n<h3 class=\"wp-block-heading\">\n          <strong>Contenido<\/strong>\n        <\/h3>\n\n\n\n<ul class=\"wp-block-list\">\n<li>Qui\u00e9n es el responsable del tratamiento de sus datos.<\/li>\n\n\n\n<li>Para qu\u00e9 finalidades recabamos los datos que le solicitamos.<\/li>\n\n\n\n<li>Cu\u00e1l es la legitimaci\u00f3n para su tratamiento.<\/li>\n\n\n\n<li>Durante cu\u00e1nto tiempo los conservamos.<\/li>\n\n\n\n<li>A qu\u00e9 destinatarios se comunican sus datos.<\/li>\n\n\n\n<li>Cu\u00e1les son sus derechos.<\/li>\n<\/ul>\n\n\n\n<h4 class=\"wp-block-heading\">Responsable:<\/h4>\n\n\n\n<p>TAKE CARE PROPERTY MALAGA S.L. &#8211; B56815053<\/p>\n\n\n\n<p>PASEO DEL MUELLE UNO, S\/N, 29016, M\u00e1laga, Espa\u00f1a.<\/p>\n\n\n\n<p>correo electr\u00f3nico: info@takecaremalaga.com<\/p>\n\n\n\n<ul class=\"wp-block-list\">\n<li>Finalidades, legitimaci\u00f3n y conservaci\u00f3n de los tratamientos de los datos enviados a trav\u00e9s de:<\/li>\n\n\n\n<li>FORMULARIOS DE CONTACTO.<\/li>\n<\/ul>\n\n\n\n<p>Finalidad: Facilitarle un medio para que pueda ponerse en contacto con nosotros y contestar a sus solicitudes de informaci\u00f3n, as\u00ed como enviarle comunicaciones de nuestros productos, servicios y actividades, inclusive por medios electr\u00f3nicos (Correo electr\u00f3nico, SMS, Redes sociales), si marca la casilla de aceptaci\u00f3n.<\/p>\n\n\n\n<p>Legitimaci\u00f3n: El consentimiento del usuario al solicitarnos informaci\u00f3n a trav\u00e9s de nuestros formularios de contacto y al marcar la casilla de aceptaci\u00f3n de env\u00edo de informaci\u00f3n.<\/p>\n\n\n\n<p>Conservaci\u00f3n: Una vez resuelta su solicitud por medio de alguno de nuestros formularios o contestada por correo electr\u00f3nico, si no ha generado un nuevo tratamiento, y en caso de haber aceptado recibir env\u00edos comerciales, hasta que solicite la baja de los mismos.<\/p>\n\n\n\n<ul class=\"wp-block-list\">\n<li>ENV\u00cdO DE CORREOS ELECTR\u00d3NICOS.<\/li>\n<\/ul>\n\n\n\n<p>Finalidad: Contestar a sus solicitudes de informaci\u00f3n, atender sus peticiones y responder a sus consultas o dudas.<\/p>\n\n\n\n<p>Legitimaci\u00f3n: El consentimiento del usuario al solicitarnos informaci\u00f3n a trav\u00e9s de la direcci\u00f3n de correo electr\u00f3nico.<\/p>\n\n\n\n<p>Conservaci\u00f3n: Una vez resulta contestada su petici\u00f3n por correo electr\u00f3nico, si no ha generado un nuevo tratamiento.<\/p>\n\n\n\n<ul class=\"wp-block-list\">\n<li>ENV\u00cdO DEL CURR\u00cdCULUM VITAE POR CORREO ELECTR\u00d3NICO<\/li>\n<\/ul>\n\n\n\n<p>Finalidad: Disponer de su curr\u00edculum para participar en nuestros procesos de selecci\u00f3n de personal.<\/p>\n\n\n\n<p>Legitimaci\u00f3n: El consentimiento del usuario al remitirnos su informaci\u00f3n personal y curr\u00edculum para nuestros procesos de selecci\u00f3n de personal.<\/p>\n\n\n\n<p>Conservaci\u00f3n: Durante el desarrollo de los procesos de selecci\u00f3n de personal abiertos y durante 1 a\u00f1o para futuros procesos.<\/p>\n\n\n\n<ul class=\"wp-block-list\">\n<li>SUSCRIPCI\u00d3N A NUESTRO BOLET\u00cdN<\/li>\n<\/ul>\n\n\n\n<p>Finalidad: Env\u00edo de nuestro bolet\u00edn comercial y de comunicaciones informativas y publicitarias sobre nuestros productos o servicios que sean de su inter\u00e9s, incluso por medios electr\u00f3nicos (Correo electr\u00f3nico, SMS, Redes sociales).<\/p>\n\n\n\n<p>Legitimaci\u00f3n: El consentimiento del usuario al suscribirse a nuestros env\u00edos comerciales y\/o newsletters.<\/p>\n\n\n\n<p>Conservaci\u00f3n: Hasta que el interesado revoque el consentimiento y solicite la baja del servicio.<\/p>\n\n\n\n<ul class=\"wp-block-list\">\n<li>SUSCRIPCI\u00d3N A NUESTRA P\u00c1GINA WEB<\/li>\n<\/ul>\n\n\n\n<p>Finalidad: Prestarle correctamente los servicios contratados. Lo que incluye tramitaci\u00f3n de los pedidos, facturaci\u00f3n y env\u00edos. La base legal para tratar sus datos personales es el contrato de servicios suscrito, y est\u00e1 supeditado a la informaci\u00f3n que le solicitamos, sin la cual no ser\u00e1 posible la ejecuci\u00f3n del mismo.<br>Solicitar financiaci\u00f3n a trav\u00e9s de las distintas entidades financieras con las que Tejidos Marfil colabora y gestionar dicha solicitud.La base legal para tratar sus datos personales y, por tanto, comunicarlos a las entidades financieras encargadas de tramitar su solicitud y gestionar dicha financiaci\u00f3n, es el contrato de servicios suscrito y est\u00e1 supeditado a la informaci\u00f3n que le solicitamos, sin la cual no ser\u00e1 posible obtener dicha financiaci\u00f3n.<\/p>\n\n\n\n<p>Legitimaci\u00f3n: El consentimiento del usuario al suscribirse a nuestros web y marcar la casilla \u00abHe le\u00eddo y acepto la pol\u00edtica de privacidad\u00bb.<\/p>\n\n\n\n<p>Conservaci\u00f3n: Hasta que el interesado revoque el consentimiento y solicite la baja del servicio.<\/p>\n\n\n\n<p>Obligaci\u00f3n de facilitarnos sus datos personales y consecuencias de no hacerlo.<\/p>\n\n\n\n<p>El suministro de datos personales requiere una edad m\u00ednima de 14 a\u00f1os, o en su caso, disponer de capacidad jur\u00eddica suficiente para contratar.<\/p>\n\n\n\n<p>Los datos personales solicitados son necesarios para gestionar sus solicitudes y\/o prestarle los servicios que pueda contratar, por lo que, si no nos los facilita, no podremos atenderle correctamente ni prestarle el servicio que ha solicitado.<\/p>\n\n\n\n<ul class=\"wp-block-list\">\n<li>Destinatarios de sus datos<\/li>\n<\/ul>\n\n\n\n<p>Sus datos son confidenciales sin embargo se ceder\u00e1n a terceros afiliados o asociados a Tejidos Marfil para la tramitaci\u00f3n de cualquier pedido, solicitud, tr\u00e1mite administrativo, contacto, oferta y\/o salvo que exista obligaci\u00f3n legal.<\/p>\n\n\n\n<ul class=\"wp-block-list\">\n<li>Derechos en relaci\u00f3n con sus datos personales<\/li>\n<\/ul>\n\n\n\n<p>Cualquier persona puede retirar su consentimiento en cualquier momento, cuando el mismo se haya otorgado para el tratamiento de sus datos. En ning\u00fan caso, la retirada de este consentimiento condiciona la ejecuci\u00f3n del contrato de suscripci\u00f3n o las relaciones generadas con anterioridad.<\/p>\n\n\n\n<p>Igualmente, puede ejercer los siguientes derechos:<\/p>\n\n\n\n<ul class=\"wp-block-list\">\n<li>Solicitar el acceso a sus datos personales o su rectificaci\u00f3n cuando sean inexactos.<\/li>\n\n\n\n<li>Solicitar su supresi\u00f3n cuando, entre otros motivos, los datos ya no sean necesarios para los fines para los que fueron recogidos.<\/li>\n\n\n\n<li>Solicitar la limitaci\u00f3n de su tratamiento en determinadas circunstancias.<\/li>\n\n\n\n<li>Solicitar la oposici\u00f3n al tratamiento de sus datos por motivos relacionados con su situaci\u00f3n particular.<\/li>\n\n\n\n<li>Solicitar la portabilidad de los datos en los casos previstos en la normativa.<\/li>\n\n\n\n<li>Otros derechos reconocidos en las normativas aplicables.<\/li>\n<\/ul>\n\n\n\n<p>D\u00f3nde y c\u00f3mo solicitar sus Derechos: Mediante un escrito dirigido al responsable a su direcci\u00f3n postal o electr\u00f3nica (indicadas en el apartado A), indicando la referencia \u00abDatos Personales\u00bb, especificando el derecho que se quiere ejercer y respecto a qu\u00e9 datos personales.<\/p>\n\n\n\n<p>En caso de divergencias con la empresa en relaci\u00f3n con el tratamiento de sus datos, puede presentar una reclamaci\u00f3n ante la Autoridad de Protecci\u00f3n de Datos<a href=\"http:\/\/www.agpd.es\/\">(www.agpd.es)<\/a>.<\/p>\n\n\n\n<ul class=\"wp-block-list\">\n<li>Galletas<\/li>\n<\/ul>\n\n\n\n<p>Esta p\u00e1gina web, \u00fanicamente utiliza cookies t\u00e9cnicas, de personalizaci\u00f3n y an\u00e1lisis, propias y de terceros (Google Analytics), que en ning\u00fan caso tratan datos de car\u00e1cter personal, no obstante s\u00ed se captan h\u00e1bitos de navegaci\u00f3n para fines publicitarios.<\/p>\n\n\n\n<p>Por ello, al acceder a nuestra web, en cumplimiento del art\u00edculo 22 de la Ley de Servicios de la Sociedad de la Informaci\u00f3n, al tratar cookies de an\u00e1lisis, le hemos solicitado su consentimiento para su uso y facilitado informaci\u00f3n de las mismas, que en todo caso se instalar\u00e1n pasado un plazo de tiempo prudencial para que el usuario tenga tiempo de decidir prestar su consentimiento o no.<\/p>\n\n\n\n<ul class=\"wp-block-list\">\n<li>Seguridad de sus datos personales<\/li>\n<\/ul>\n\n\n\n<p>Con el objetivo de salvaguardar la seguridad de sus datos personales, le informamos que hemos adoptado todas las medidas de \u00edndole t\u00e9cnica y organizativa necesarias para garantizar la seguridad de los datos personales suministrados de su alteraci\u00f3n, p\u00e9rdida, y tratamientos o accesos no autorizados.<\/p>\n\n\n\n<ul class=\"wp-block-list\">\n<li>Actualizaci\u00f3n de sus datos<\/li>\n<\/ul>\n\n\n\n<p>Es importante que para que podamos mantener sus datos personales actualizados, nos informe siempre que haya habido alguna modificaci\u00f3n en ellos, en caso contrario, no responderemos de la veracidad de los mismos.<\/p>\n\n\n\n<p>No nos hacemos responsables de la pol\u00edtica de privacidad respecto a los datos personales que pueda facilitar a terceros por medio de los enlaces disponibles en nuestra p\u00e1gina web.<\/p>\n\n\n\n<p>La presente Pol\u00edtica de Privacidad puede ser modificada para adaptarlas a los cambios que se produzca en nuestra web, as\u00ed como modificaciones legislativas o jurisprudenciales sobre datos personales que vayan apareciendo, por lo que exige su lectura, cada vez que nos facilite sus datos a trav\u00e9s de esta Web o en todo caso cuando se le notifique v\u00eda correo electr\u00f3nico el cambio de las mismas.<\/p>\n\n\n\n<p><\/p>\n","protected":false},"excerpt":{"rendered":"<p>En Take Care M\u00e1laga nos preocupamos por mantener la confidencialidad de tus datos. A continuaci\u00f3n, puedes ver toda la informaci\u00f3n necesaria sobre nuestra Pol\u00edtica de Privacidad en relaci\u00f3n con los datos personales que recabamos en nuestra Web: Contenido Responsable: TAKE CARE PROPERTY MALAGA S.L. &#8211; B56815053 PASEO DEL MUELLE UNO, S\/N, 29016, M\u00e1laga, Espa\u00f1a. correo&#8230;<\/p>\n","protected":false},"author":1,"featured_media":0,"parent":0,"menu_order":77,"comment_status":"closed","ping_status":"closed","template":"","meta":{"footnotes":""},"class_list":["post-3","page","type-page","status-publish","hentry"],"yoast_head":"<!-- This site is optimized with the Yoast SEO plugin v27.5 - https:\/\/yoast.com\/product\/yoast-seo-wordpress\/ -->\n<title>Pol\u00edtica de privacidad - Take Care M\u00e1laga<\/title>\n<meta name=\"robots\" content=\"index, follow, max-snippet:-1, max-image-preview:large, max-video-preview:-1\" \/>\n<link rel=\"canonical\" href=\"https:\/\/takecaremalaga.com\/es\/politica-privacidad\/\" \/>\n<meta property=\"og:locale\" content=\"es_ES\" \/>\n<meta property=\"og:type\" content=\"article\" \/>\n<meta property=\"og:title\" content=\"Pol\u00edtica de privacidad - Take Care M\u00e1laga\" \/>\n<meta property=\"og:description\" content=\"En Take Care M\u00e1laga nos preocupamos por mantener la confidencialidad de tus datos. A continuaci\u00f3n, puedes ver toda la informaci\u00f3n necesaria sobre nuestra Pol\u00edtica de Privacidad en relaci\u00f3n con los datos personales que recabamos en nuestra Web: Contenido Responsable: TAKE CARE PROPERTY MALAGA S.L. &#8211; B56815053 PASEO DEL MUELLE UNO, S\/N, 29016, M\u00e1laga, Espa\u00f1a. correo...\" \/>\n<meta property=\"og:url\" content=\"https:\/\/takecaremalaga.com\/es\/politica-privacidad\/\" \/>\n<meta property=\"og:site_name\" content=\"Take Care M\u00e1laga\" \/>\n<meta property=\"article:publisher\" content=\"https:\/\/www.facebook.com\/takecaremalaga\" \/>\n<meta property=\"article:modified_time\" content=\"2024-07-09T12:03:40+00:00\" \/>\n<meta name=\"twitter:card\" content=\"summary_large_image\" \/>\n<meta name=\"twitter:label1\" content=\"Tiempo de lectura\" \/>\n\t<meta name=\"twitter:data1\" content=\"6 minutos\" \/>\n<script type=\"application\/ld+json\" class=\"yoast-schema-graph\">{\"@context\":\"https:\\\/\\\/schema.org\",\"@graph\":[{\"@type\":\"WebPage\",\"@id\":\"https:\\\/\\\/takecaremalaga.com\\\/es\\\/politica-privacidad\\\/\",\"url\":\"https:\\\/\\\/takecaremalaga.com\\\/es\\\/politica-privacidad\\\/\",\"name\":\"Pol\u00edtica de privacidad - Take Care M\u00e1laga\",\"isPartOf\":{\"@id\":\"https:\\\/\\\/takecaremalaga.com\\\/es\\\/#website\"},\"datePublished\":\"2023-01-25T17:23:31+00:00\",\"dateModified\":\"2024-07-09T12:03:40+00:00\",\"breadcrumb\":{\"@id\":\"https:\\\/\\\/takecaremalaga.com\\\/es\\\/politica-privacidad\\\/#breadcrumb\"},\"inLanguage\":\"es\",\"potentialAction\":[{\"@type\":\"ReadAction\",\"target\":[\"https:\\\/\\\/takecaremalaga.com\\\/es\\\/politica-privacidad\\\/\"]}]},{\"@type\":\"BreadcrumbList\",\"@id\":\"https:\\\/\\\/takecaremalaga.com\\\/es\\\/politica-privacidad\\\/#breadcrumb\",\"itemListElement\":[{\"@type\":\"ListItem\",\"position\":1,\"name\":\"Portada\",\"item\":\"https:\\\/\\\/takecaremalaga.com\\\/es\\\/\"},{\"@type\":\"ListItem\",\"position\":2,\"name\":\"Pol\u00edtica de privacidad\"}]},{\"@type\":\"WebSite\",\"@id\":\"https:\\\/\\\/takecaremalaga.com\\\/es\\\/#website\",\"url\":\"https:\\\/\\\/takecaremalaga.com\\\/es\\\/\",\"name\":\"Take Care M\u00e1laga\",\"description\":\"Propiedades Vacacionales en M\u00e1laga\",\"publisher\":{\"@id\":\"https:\\\/\\\/takecaremalaga.com\\\/es\\\/#organization\"},\"potentialAction\":[{\"@type\":\"SearchAction\",\"target\":{\"@type\":\"EntryPoint\",\"urlTemplate\":\"https:\\\/\\\/takecaremalaga.com\\\/es\\\/?s={search_term_string}\"},\"query-input\":{\"@type\":\"PropertyValueSpecification\",\"valueRequired\":true,\"valueName\":\"search_term_string\"}}],\"inLanguage\":\"es\"},{\"@type\":\"Organization\",\"@id\":\"https:\\\/\\\/takecaremalaga.com\\\/es\\\/#organization\",\"name\":\"Take Care M\u00e1laga\",\"url\":\"https:\\\/\\\/takecaremalaga.com\\\/es\\\/\",\"logo\":{\"@type\":\"ImageObject\",\"inLanguage\":\"es\",\"@id\":\"https:\\\/\\\/takecaremalaga.com\\\/es\\\/#\\\/schema\\\/logo\\\/image\\\/\",\"url\":\"https:\\\/\\\/takecaremalaga.com\\\/wp-content\\\/uploads\\\/2020\\\/09\\\/logo-tcm-v2.png\",\"contentUrl\":\"https:\\\/\\\/takecaremalaga.com\\\/wp-content\\\/uploads\\\/2020\\\/09\\\/logo-tcm-v2.png\",\"width\":300,\"height\":100,\"caption\":\"Take Care M\u00e1laga\"},\"image\":{\"@id\":\"https:\\\/\\\/takecaremalaga.com\\\/es\\\/#\\\/schema\\\/logo\\\/image\\\/\"},\"sameAs\":[\"https:\\\/\\\/www.facebook.com\\\/takecaremalaga\",\"https:\\\/\\\/www.instagram.com\\\/takecaremalaga\",\"https:\\\/\\\/www.linkedin.com\\\/company\\\/take-care-malaga\\\/\"]}]}<\/script>\n<!-- \/ Yoast SEO plugin. -->","yoast_head_json":{"title":"Pol\u00edtica de privacidad - Take Care M\u00e1laga","robots":{"index":"index","follow":"follow","max-snippet":"max-snippet:-1","max-image-preview":"max-image-preview:large","max-video-preview":"max-video-preview:-1"},"canonical":"https:\/\/takecaremalaga.com\/es\/politica-privacidad\/","og_locale":"es_ES","og_type":"article","og_title":"Pol\u00edtica de privacidad - Take Care M\u00e1laga","og_description":"En Take Care M\u00e1laga nos preocupamos por mantener la confidencialidad de tus datos. A continuaci\u00f3n, puedes ver toda la informaci\u00f3n necesaria sobre nuestra Pol\u00edtica de Privacidad en relaci\u00f3n con los datos personales que recabamos en nuestra Web: Contenido Responsable: TAKE CARE PROPERTY MALAGA S.L. &#8211; B56815053 PASEO DEL MUELLE UNO, S\/N, 29016, M\u00e1laga, Espa\u00f1a. correo...","og_url":"https:\/\/takecaremalaga.com\/es\/politica-privacidad\/","og_site_name":"Take Care M\u00e1laga","article_publisher":"https:\/\/www.facebook.com\/takecaremalaga","article_modified_time":"2024-07-09T12:03:40+00:00","twitter_card":"summary_large_image","twitter_misc":{"Tiempo de lectura":"6 minutos"},"schema":{"@context":"https:\/\/schema.org","@graph":[{"@type":"WebPage","@id":"https:\/\/takecaremalaga.com\/es\/politica-privacidad\/","url":"https:\/\/takecaremalaga.com\/es\/politica-privacidad\/","name":"Pol\u00edtica de privacidad - Take Care M\u00e1laga","isPartOf":{"@id":"https:\/\/takecaremalaga.com\/es\/#website"},"datePublished":"2023-01-25T17:23:31+00:00","dateModified":"2024-07-09T12:03:40+00:00","breadcrumb":{"@id":"https:\/\/takecaremalaga.com\/es\/politica-privacidad\/#breadcrumb"},"inLanguage":"es","potentialAction":[{"@type":"ReadAction","target":["https:\/\/takecaremalaga.com\/es\/politica-privacidad\/"]}]},{"@type":"BreadcrumbList","@id":"https:\/\/takecaremalaga.com\/es\/politica-privacidad\/#breadcrumb","itemListElement":[{"@type":"ListItem","position":1,"name":"Portada","item":"https:\/\/takecaremalaga.com\/es\/"},{"@type":"ListItem","position":2,"name":"Pol\u00edtica de privacidad"}]},{"@type":"WebSite","@id":"https:\/\/takecaremalaga.com\/es\/#website","url":"https:\/\/takecaremalaga.com\/es\/","name":"Take Care M\u00e1laga","description":"Propiedades Vacacionales en M\u00e1laga","publisher":{"@id":"https:\/\/takecaremalaga.com\/es\/#organization"},"potentialAction":[{"@type":"SearchAction","target":{"@type":"EntryPoint","urlTemplate":"https:\/\/takecaremalaga.com\/es\/?s={search_term_string}"},"query-input":{"@type":"PropertyValueSpecification","valueRequired":true,"valueName":"search_term_string"}}],"inLanguage":"es"},{"@type":"Organization","@id":"https:\/\/takecaremalaga.com\/es\/#organization","name":"Take Care M\u00e1laga","url":"https:\/\/takecaremalaga.com\/es\/","logo":{"@type":"ImageObject","inLanguage":"es","@id":"https:\/\/takecaremalaga.com\/es\/#\/schema\/logo\/image\/","url":"https:\/\/takecaremalaga.com\/wp-content\/uploads\/2020\/09\/logo-tcm-v2.png","contentUrl":"https:\/\/takecaremalaga.com\/wp-content\/uploads\/2020\/09\/logo-tcm-v2.png","width":300,"height":100,"caption":"Take Care M\u00e1laga"},"image":{"@id":"https:\/\/takecaremalaga.com\/es\/#\/schema\/logo\/image\/"},"sameAs":["https:\/\/www.facebook.com\/takecaremalaga","https:\/\/www.instagram.com\/takecaremalaga","https:\/\/www.linkedin.com\/company\/take-care-malaga\/"]}]}},"_links":{"self":[{"href":"https:\/\/takecaremalaga.com\/es\/wp-json\/wp\/v2\/pages\/3","targetHints":{"allow":["GET"]}}],"collection":[{"href":"https:\/\/takecaremalaga.com\/es\/wp-json\/wp\/v2\/pages"}],"about":[{"href":"https:\/\/takecaremalaga.com\/es\/wp-json\/wp\/v2\/types\/page"}],"author":[{"embeddable":true,"href":"https:\/\/takecaremalaga.com\/es\/wp-json\/wp\/v2\/users\/1"}],"replies":[{"embeddable":true,"href":"https:\/\/takecaremalaga.com\/es\/wp-json\/wp\/v2\/comments?post=3"}],"version-history":[{"count":4,"href":"https:\/\/takecaremalaga.com\/es\/wp-json\/wp\/v2\/pages\/3\/revisions"}],"predecessor-version":[{"id":15130,"href":"https:\/\/takecaremalaga.com\/es\/wp-json\/wp\/v2\/pages\/3\/revisions\/15130"}],"wp:attachment":[{"href":"https:\/\/takecaremalaga.com\/es\/wp-json\/wp\/v2\/media?parent=3"}],"curies":[{"name":"wp","href":"https:\/\/api.w.org\/{rel}","templated":true}]}}