{"id":20894,"date":"2025-03-14T11:24:11","date_gmt":"2025-03-14T10:24:11","guid":{"rendered":"https:\/\/takecaremalaga.com\/consejos-para-tus-vacaciones\/bueno-saber\/"},"modified":"2026-02-23T17:43:10","modified_gmt":"2026-02-23T16:43:10","slug":"bueno-saber","status":"publish","type":"page","link":"https:\/\/takecaremalaga.com\/es\/tips\/bueno-saber\/","title":{"rendered":"Bueno saber"},"content":{"rendered":"\t\t<div data-elementor-type=\"wp-page\" data-elementor-id=\"20894\" class=\"elementor elementor-20894 elementor-20880\">\n\t\t\t\t\t\t<section class=\"elementor-section elementor-top-section elementor-element elementor-element-d98f9cf elementor-section-boxed elementor-section-height-default elementor-section-height-default\" data-id=\"d98f9cf\" data-element_type=\"section\">\n\t\t\t\t\t\t<div class=\"elementor-container elementor-column-gap-default\">\n\t\t\t\t\t<div class=\"elementor-column elementor-col-100 elementor-top-column elementor-element elementor-element-e0e29fc\" data-id=\"e0e29fc\" data-element_type=\"column\">\n\t\t\t<div class=\"elementor-widget-wrap elementor-element-populated\">\n\t\t\t\t\t\t<div class=\"elementor-element elementor-element-b6cd500 elementor-widget elementor-widget-text-editor\" data-id=\"b6cd500\" data-element_type=\"widget\" data-widget_type=\"text-editor.default\">\n\t\t\t\t<div class=\"elementor-widget-container\">\n\t\t\t\t\t\t\t\t\t<p>\u00bfEst\u00e1s planeando tus vacaciones en M\u00e1laga y necesitas informaci\u00f3n pr\u00e1ctica sobre el viaje? En esta p\u00e1gina encontrar\u00e1s consejos esenciales sobre el transporte, c\u00f3mo llegar desde el aeropuerto de M\u00e1laga al centro de la ciudad, el clima y todo lo que necesitas para disfrutar de una estancia tranquila y sin estr\u00e9s.<\/p><p>Para que tu viaje sea realmente inolvidable,\u00a0<strong><a href=\"https:\/\/takecaremalaga.com\/take-care-malaga-city-guide\/\">descarga nuestra completa Gu\u00eda de viaje de M\u00e1laga<\/a><\/strong>. Descubre las mejores formas de llegar desde el aeropuerto de M\u00e1laga a la ciudad, recomendaciones sobre comida y bebida locales, incluyendo los mejores lugares para desayunar, los favoritos para almorzar y los elegantes bares en azoteas, as\u00ed como una lista seleccionada de lugares de inter\u00e9s y actividades imprescindibles en M\u00e1laga. Tambi\u00e9n incluimos emocionantes excursiones de un d\u00eda y atracciones a las afueras de la ciudad, para que tu experiencia sea perfecta.<\/p>\t\t\t\t\t\t\t\t<\/div>\n\t\t\t\t<\/div>\n\t\t\t\t<div class=\"elementor-element elementor-element-a5fd29b elementor-widget elementor-widget-ere-news-widget-home\" data-id=\"a5fd29b\" data-element_type=\"widget\" data-widget_type=\"ere-news-widget-home.default\">\n\t\t\t\t<div class=\"elementor-widget-container\">\n\t\t\t\t\t            <section id=\"rh-a5fd29b\" class=\"rhea_ele_property_ajax_target rhea_latest_properties_ajax rh_elementor_widget rh_wrapper__news_elementor\">\n                <div class=\"home-properties-section-inner-target\">\n                    <div class=\"rh_properties_pagination_append rh_section__news_elementor\">\n\t\t\t\t\t\t                            <article>\n\n                                <div class=\"rh_news_module_inner\">\n                                    <div class=\"rh-wrapper-post-media\">\n\t\t\t\t\t\t\t\t\t\t\t<figure>\n\t\t<a href=\"https:\/\/takecaremalaga.com\/es\/el-tiempo-en-malaga\/\" title=\"El tiempo en M\u00e1laga\">\n\t\t\t<img fetchpriority=\"high\" decoding=\"async\" width=\"488\" height=\"326\" src=\"https:\/\/takecaremalaga.com\/wp-content\/uploads\/2025\/10\/Palm-tree-blue-sky-488x326.jpg\" class=\"attachment-property-thumb-image size-property-thumb-image wp-post-image\" alt=\"Palm tree blue sky\" srcset=\"https:\/\/takecaremalaga.com\/wp-content\/uploads\/2025\/10\/Palm-tree-blue-sky-488x326.jpg 488w, https:\/\/takecaremalaga.com\/wp-content\/uploads\/2025\/10\/Palm-tree-blue-sky-300x200.jpg 300w, https:\/\/takecaremalaga.com\/wp-content\/uploads\/2025\/10\/Palm-tree-blue-sky-1024x683.jpg 1024w, https:\/\/takecaremalaga.com\/wp-content\/uploads\/2025\/10\/Palm-tree-blue-sky-768x512.jpg 768w, https:\/\/takecaremalaga.com\/wp-content\/uploads\/2025\/10\/Palm-tree-blue-sky-1536x1024.jpg 1536w, https:\/\/takecaremalaga.com\/wp-content\/uploads\/2025\/10\/Palm-tree-blue-sky-2048x1365.jpg 2048w, https:\/\/takecaremalaga.com\/wp-content\/uploads\/2025\/10\/Palm-tree-blue-sky-150x100.jpg 150w\" sizes=\"(max-width: 488px) 100vw, 488px\" \/>\t\t<\/a>\n\t<\/figure>\n\t                                    <\/div>\n\n                                    <div class=\"rh-wrapper-post-contents_elementor\">\n\t\t\t\t\t\t\t\t\t\t\n                                        <h3 class=\"post-title\">\n                                            <a href=\"https:\/\/takecaremalaga.com\/es\/el-tiempo-en-malaga\/\">El tiempo en M\u00e1laga<\/a>\n                                        <\/h3>\n\n\t\t\t\t\t\t\t\t\t\t                                            <p>\u00bfPlaneas un viaje urbano a M\u00e1laga? \u00a1Es una idea fant\u00e1stica! No s\u00f3lo por su&hellip;<\/p>\n                                                                                <\/div>\n                                <\/div>\n                            <\/article>\n                                                        <article>\n\n                                <div class=\"rh_news_module_inner\">\n                                    <div class=\"rh-wrapper-post-media\">\n\t\t\t\t\t\t\t\t\t\t\t<figure>\n\t\t<a href=\"https:\/\/takecaremalaga.com\/es\/como-ir-del-aeropuerto-de-malaga-al-centro-de-la-ciudad\/\" title=\"C\u00f3mo ir del Aeropuerto de M\u00e1laga al centro de la ciudad\">\n\t\t\t<img decoding=\"async\" width=\"488\" height=\"326\" src=\"https:\/\/takecaremalaga.com\/wp-content\/uploads\/2025\/08\/plane-7013022_1280-488x326.jpg\" class=\"attachment-property-thumb-image size-property-thumb-image wp-post-image\" alt=\"Flying airplane sunset\" srcset=\"https:\/\/takecaremalaga.com\/wp-content\/uploads\/2025\/08\/plane-7013022_1280-488x326.jpg 488w, https:\/\/takecaremalaga.com\/wp-content\/uploads\/2025\/08\/plane-7013022_1280-300x200.jpg 300w, https:\/\/takecaremalaga.com\/wp-content\/uploads\/2025\/08\/plane-7013022_1280-1024x682.jpg 1024w, https:\/\/takecaremalaga.com\/wp-content\/uploads\/2025\/08\/plane-7013022_1280-768x512.jpg 768w, https:\/\/takecaremalaga.com\/wp-content\/uploads\/2025\/08\/plane-7013022_1280-150x100.jpg 150w, https:\/\/takecaremalaga.com\/wp-content\/uploads\/2025\/08\/plane-7013022_1280.jpg 1280w\" sizes=\"(max-width: 488px) 100vw, 488px\" \/>\t\t<\/a>\n\t<\/figure>\n\t                                    <\/div>\n\n                                    <div class=\"rh-wrapper-post-contents_elementor\">\n\t\t\t\t\t\t\t\t\t\t\n                                        <h3 class=\"post-title\">\n                                            <a href=\"https:\/\/takecaremalaga.com\/es\/como-ir-del-aeropuerto-de-malaga-al-centro-de-la-ciudad\/\">C\u00f3mo ir del Aeropuerto de M\u00e1laga al centro de la ciudad<\/a>\n                                        <\/h3>\n\n\t\t\t\t\t\t\t\t\t\t                                            <p>Llegar al aeropuerto de M\u00e1laga (AGP ) es el primer paso de tu viaje&hellip;<\/p>\n                                                                                <\/div>\n                                <\/div>\n                            <\/article>\n                                                        <article>\n\n                                <div class=\"rh_news_module_inner\">\n                                    <div class=\"rh-wrapper-post-media\">\n\t\t\t\t\t\t\t\t\t\t\t<figure>\n\t\t<a href=\"https:\/\/takecaremalaga.com\/es\/alquila-un-coche\/\" title=\"Alquiler de coches\">\n\t\t\t<img decoding=\"async\" width=\"488\" height=\"326\" src=\"https:\/\/takecaremalaga.com\/wp-content\/uploads\/2025\/07\/jeep-7853620_1280-488x326.jpg\" class=\"attachment-property-thumb-image size-property-thumb-image wp-post-image\" alt=\"\" \/>\t\t<\/a>\n\t<\/figure>\n\t                                    <\/div>\n\n                                    <div class=\"rh-wrapper-post-contents_elementor\">\n\t\t\t\t\t\t\t\t\t\t\n                                        <h3 class=\"post-title\">\n                                            <a href=\"https:\/\/takecaremalaga.com\/es\/alquila-un-coche\/\">Alquiler de coches<\/a>\n                                        <\/h3>\n\n\t\t\t\t\t\t\t\t\t\t                                            <p>Alquiler de coches en M\u00e1laga: Entrega y recogida donde est\u00e9s, 24\/7 \u00bfQuieres alquilar un&hellip;<\/p>\n                                                                                <\/div>\n                                <\/div>\n                            <\/article>\n                                                        <article>\n\n                                <div class=\"rh_news_module_inner\">\n                                    <div class=\"rh-wrapper-post-media\">\n\t\t\t\t\t\t\t\t\t\t\t<figure>\n\t\t<a href=\"https:\/\/takecaremalaga.com\/es\/consignas-de-equipaje-en-malaga\/\" title=\"Taquillas de equipaje en M\u00e1laga\">\n\t\t\t<img loading=\"lazy\" decoding=\"async\" width=\"488\" height=\"326\" src=\"https:\/\/takecaremalaga.com\/wp-content\/uploads\/2024\/05\/vecteezy_closeup-view-of-a-lock-on-lockers_7440323-488x326.jpg\" class=\"attachment-property-thumb-image size-property-thumb-image wp-post-image\" alt=\"Lockers \/ bagagekluisjes for luggage\" \/>\t\t<\/a>\n\t<\/figure>\n\t                                    <\/div>\n\n                                    <div class=\"rh-wrapper-post-contents_elementor\">\n\t\t\t\t\t\t\t\t\t\t\n                                        <h3 class=\"post-title\">\n                                            <a href=\"https:\/\/takecaremalaga.com\/es\/consignas-de-equipaje-en-malaga\/\">Taquillas de equipaje en M\u00e1laga<\/a>\n                                        <\/h3>\n\n\t\t\t\t\t\t\t\t\t\t                                            <p>Regularmente nos preguntan si nuestros hu\u00e9spedes pueden dejar su equipaje durante m\u00e1s tiempo en&hellip;<\/p>\n                                                                                <\/div>\n                                <\/div>\n                            <\/article>\n                                                <\/div>\n\t\t\t\t\t                        <div class=\"rhea_svg_loader\">\n\t\t\t\t\t\t\t<svg xmlns=\"http:\/\/www.w3.org\/2000\/svg\" viewBox=\"0 0 32 32\" width=\"32\" height=\"32\" fill=\"#dedede\">\n  <path transform=\"translate(2)\" d=\"M0 12 V20 H4 V12z\"> \n    <animate attributeName=\"d\" values=\"M0 12 V20 H4 V12z; M0 4 V28 H4 V4z; M0 12 V20 H4 V12z; M0 12 V20 H4 V12z\" dur=\"1.2s\" repeatCount=\"indefinite\" begin=\"0\" keytimes=\"0;.2;.5;1\" keySplines=\"0.2 0.2 0.4 0.8;0.2 0.6 0.4 0.8;0.2 0.8 0.4 0.8\" calcMode=\"spline\"  \/>\n  <\/path>\n  <path transform=\"translate(8)\" d=\"M0 12 V20 H4 V12z\">\n    <animate attributeName=\"d\" values=\"M0 12 V20 H4 V12z; M0 4 V28 H4 V4z; M0 12 V20 H4 V12z; M0 12 V20 H4 V12z\" dur=\"1.2s\" repeatCount=\"indefinite\" begin=\"0.2\" keytimes=\"0;.2;.5;1\" keySplines=\"0.2 0.2 0.4 0.8;0.2 0.6 0.4 0.8;0.2 0.8 0.4 0.8\" calcMode=\"spline\"  \/>\n  <\/path>\n  <path transform=\"translate(14)\" d=\"M0 12 V20 H4 V12z\">\n    <animate attributeName=\"d\" values=\"M0 12 V20 H4 V12z; M0 4 V28 H4 V4z; M0 12 V20 H4 V12z; M0 12 V20 H4 V12z\" dur=\"1.2s\" repeatCount=\"indefinite\" begin=\"0.4\" keytimes=\"0;.2;.5;1\" keySplines=\"0.2 0.2 0.4 0.8;0.2 0.6 0.4 0.8;0.2 0.8 0.4 0.8\" calcMode=\"spline\" \/>\n  <\/path>\n  <path transform=\"translate(20)\" d=\"M0 12 V20 H4 V12z\">\n    <animate attributeName=\"d\" values=\"M0 12 V20 H4 V12z; M0 4 V28 H4 V4z; M0 12 V20 H4 V12z; M0 12 V20 H4 V12z\" dur=\"1.2s\" repeatCount=\"indefinite\" begin=\"0.6\" keytimes=\"0;.2;.5;1\" keySplines=\"0.2 0.2 0.4 0.8;0.2 0.6 0.4 0.8;0.2 0.8 0.4 0.8\" calcMode=\"spline\" \/>\n  <\/path>\n  <path transform=\"translate(26)\" d=\"M0 12 V20 H4 V12z\">\n    <animate attributeName=\"d\" values=\"M0 12 V20 H4 V12z; M0 4 V28 H4 V4z; M0 12 V20 H4 V12z; M0 12 V20 H4 V12z\" dur=\"1.2s\" repeatCount=\"indefinite\" begin=\"0.8\" keytimes=\"0;.2;.5;1\" keySplines=\"0.2 0.2 0.4 0.8;0.2 0.6 0.4 0.8;0.2 0.8 0.4 0.8\" calcMode=\"spline\" \/>\n  <\/path>\n<\/svg>\n                        <\/div>\n\t\t\t\t\t\t                <\/div>\n            <\/section>\n\t\t\t\t\t\t\t<\/div>\n\t\t\t\t<\/div>\n\t\t\t\t\t<\/div>\n\t\t<\/div>\n\t\t\t\t\t<\/div>\n\t\t<\/section>\n\t\t\t\t<\/div>\n\t\t","protected":false},"excerpt":{"rendered":"<p>\u00bfEst\u00e1s planeando tus vacaciones en M\u00e1laga y necesitas informaci\u00f3n pr\u00e1ctica sobre el viaje? En esta p\u00e1gina encontrar\u00e1s consejos esenciales sobre el transporte, c\u00f3mo llegar desde el aeropuerto de M\u00e1laga al centro de la ciudad, el clima y todo lo que necesitas para disfrutar de una estancia tranquila y sin estr\u00e9s. Para que tu viaje sea&#8230;<\/p>\n","protected":false},"author":1,"featured_media":12480,"parent":7553,"menu_order":123,"comment_status":"closed","ping_status":"closed","template":"","meta":{"footnotes":""},"class_list":["post-20894","page","type-page","status-publish","has-post-thumbnail","hentry"],"yoast_head":"<!-- This site is optimized with the Yoast SEO plugin v27.4 - https:\/\/yoast.com\/product\/yoast-seo-wordpress\/ -->\n<title>Bueno saber - Take Care M\u00e1laga<\/title>\n<meta name=\"description\" content=\"Bueno saber: informaci\u00f3n \u00fatil y consejos sobre M\u00e1laga, desde viajes hasta servicios, para una visita o estancia m\u00e1s f\u00e1cil.\" \/>\n<meta name=\"robots\" content=\"index, follow, max-snippet:-1, max-image-preview:large, max-video-preview:-1\" \/>\n<link rel=\"canonical\" href=\"https:\/\/takecaremalaga.com\/es\/tips\/bueno-saber\/\" \/>\n<meta property=\"og:locale\" content=\"es_ES\" \/>\n<meta property=\"og:type\" content=\"article\" \/>\n<meta property=\"og:title\" content=\"Bueno saber - Take Care M\u00e1laga\" \/>\n<meta property=\"og:description\" content=\"Bueno saber: informaci\u00f3n \u00fatil y consejos sobre M\u00e1laga, desde viajes hasta servicios, para una visita o estancia m\u00e1s f\u00e1cil.\" \/>\n<meta property=\"og:url\" content=\"https:\/\/takecaremalaga.com\/es\/tips\/bueno-saber\/\" \/>\n<meta property=\"og:site_name\" content=\"Take Care M\u00e1laga\" \/>\n<meta property=\"article:publisher\" content=\"https:\/\/www.facebook.com\/takecaremalaga\" \/>\n<meta property=\"article:modified_time\" content=\"2026-02-23T16:43:10+00:00\" \/>\n<meta property=\"og:image\" content=\"https:\/\/takecaremalaga.com\/wp-content\/uploads\/2024\/03\/KR-622.jpg\" \/>\n\t<meta property=\"og:image:width\" content=\"1024\" \/>\n\t<meta property=\"og:image:height\" content=\"681\" \/>\n\t<meta property=\"og:image:type\" content=\"image\/jpeg\" \/>\n<meta name=\"twitter:card\" content=\"summary_large_image\" \/>\n<meta name=\"twitter:label1\" content=\"Tiempo de lectura\" \/>\n\t<meta name=\"twitter:data1\" content=\"3 minutos\" \/>\n<script type=\"application\/ld+json\" class=\"yoast-schema-graph\">{\"@context\":\"https:\\\/\\\/schema.org\",\"@graph\":[{\"@type\":\"WebPage\",\"@id\":\"https:\\\/\\\/takecaremalaga.com\\\/es\\\/tips\\\/bueno-saber\\\/\",\"url\":\"https:\\\/\\\/takecaremalaga.com\\\/es\\\/tips\\\/bueno-saber\\\/\",\"name\":\"Bueno saber - Take Care M\u00e1laga\",\"isPartOf\":{\"@id\":\"https:\\\/\\\/takecaremalaga.com\\\/es\\\/#website\"},\"primaryImageOfPage\":{\"@id\":\"https:\\\/\\\/takecaremalaga.com\\\/es\\\/tips\\\/bueno-saber\\\/#primaryimage\"},\"image\":{\"@id\":\"https:\\\/\\\/takecaremalaga.com\\\/es\\\/tips\\\/bueno-saber\\\/#primaryimage\"},\"thumbnailUrl\":\"https:\\\/\\\/takecaremalaga.com\\\/wp-content\\\/uploads\\\/2024\\\/03\\\/KR-622.jpg\",\"datePublished\":\"2025-03-14T10:24:11+00:00\",\"dateModified\":\"2026-02-23T16:43:10+00:00\",\"description\":\"Bueno saber: informaci\u00f3n \u00fatil y consejos sobre M\u00e1laga, desde viajes hasta servicios, para una visita o estancia m\u00e1s f\u00e1cil.\",\"breadcrumb\":{\"@id\":\"https:\\\/\\\/takecaremalaga.com\\\/es\\\/tips\\\/bueno-saber\\\/#breadcrumb\"},\"inLanguage\":\"es\",\"potentialAction\":[{\"@type\":\"ReadAction\",\"target\":[\"https:\\\/\\\/takecaremalaga.com\\\/es\\\/tips\\\/bueno-saber\\\/\"]}]},{\"@type\":\"ImageObject\",\"inLanguage\":\"es\",\"@id\":\"https:\\\/\\\/takecaremalaga.com\\\/es\\\/tips\\\/bueno-saber\\\/#primaryimage\",\"url\":\"https:\\\/\\\/takecaremalaga.com\\\/wp-content\\\/uploads\\\/2024\\\/03\\\/KR-622.jpg\",\"contentUrl\":\"https:\\\/\\\/takecaremalaga.com\\\/wp-content\\\/uploads\\\/2024\\\/03\\\/KR-622.jpg\",\"width\":1024,\"height\":681,\"caption\":\"View from rooftop bar Malaga AC Marriott\"},{\"@type\":\"BreadcrumbList\",\"@id\":\"https:\\\/\\\/takecaremalaga.com\\\/es\\\/tips\\\/bueno-saber\\\/#breadcrumb\",\"itemListElement\":[{\"@type\":\"ListItem\",\"position\":1,\"name\":\"Portada\",\"item\":\"https:\\\/\\\/takecaremalaga.com\\\/es\\\/\"},{\"@type\":\"ListItem\",\"position\":2,\"name\":\"Tips\",\"item\":\"https:\\\/\\\/takecaremalaga.com\\\/es\\\/tips\\\/\"},{\"@type\":\"ListItem\",\"position\":3,\"name\":\"Bueno saber\"}]},{\"@type\":\"WebSite\",\"@id\":\"https:\\\/\\\/takecaremalaga.com\\\/es\\\/#website\",\"url\":\"https:\\\/\\\/takecaremalaga.com\\\/es\\\/\",\"name\":\"Take Care M\u00e1laga\",\"description\":\"Propiedades Vacacionales en M\u00e1laga\",\"publisher\":{\"@id\":\"https:\\\/\\\/takecaremalaga.com\\\/es\\\/#organization\"},\"potentialAction\":[{\"@type\":\"SearchAction\",\"target\":{\"@type\":\"EntryPoint\",\"urlTemplate\":\"https:\\\/\\\/takecaremalaga.com\\\/es\\\/?s={search_term_string}\"},\"query-input\":{\"@type\":\"PropertyValueSpecification\",\"valueRequired\":true,\"valueName\":\"search_term_string\"}}],\"inLanguage\":\"es\"},{\"@type\":\"Organization\",\"@id\":\"https:\\\/\\\/takecaremalaga.com\\\/es\\\/#organization\",\"name\":\"Take Care M\u00e1laga\",\"url\":\"https:\\\/\\\/takecaremalaga.com\\\/es\\\/\",\"logo\":{\"@type\":\"ImageObject\",\"inLanguage\":\"es\",\"@id\":\"https:\\\/\\\/takecaremalaga.com\\\/es\\\/#\\\/schema\\\/logo\\\/image\\\/\",\"url\":\"https:\\\/\\\/takecaremalaga.com\\\/wp-content\\\/uploads\\\/2020\\\/09\\\/logo-tcm-v2.png\",\"contentUrl\":\"https:\\\/\\\/takecaremalaga.com\\\/wp-content\\\/uploads\\\/2020\\\/09\\\/logo-tcm-v2.png\",\"width\":300,\"height\":100,\"caption\":\"Take Care M\u00e1laga\"},\"image\":{\"@id\":\"https:\\\/\\\/takecaremalaga.com\\\/es\\\/#\\\/schema\\\/logo\\\/image\\\/\"},\"sameAs\":[\"https:\\\/\\\/www.facebook.com\\\/takecaremalaga\",\"https:\\\/\\\/www.instagram.com\\\/takecaremalaga\",\"https:\\\/\\\/www.linkedin.com\\\/company\\\/take-care-malaga\\\/\"]}]}<\/script>\n<!-- \/ Yoast SEO plugin. -->","yoast_head_json":{"title":"Bueno saber - Take Care M\u00e1laga","description":"Bueno saber: informaci\u00f3n \u00fatil y consejos sobre M\u00e1laga, desde viajes hasta servicios, para una visita o estancia m\u00e1s f\u00e1cil.","robots":{"index":"index","follow":"follow","max-snippet":"max-snippet:-1","max-image-preview":"max-image-preview:large","max-video-preview":"max-video-preview:-1"},"canonical":"https:\/\/takecaremalaga.com\/es\/tips\/bueno-saber\/","og_locale":"es_ES","og_type":"article","og_title":"Bueno saber - Take Care M\u00e1laga","og_description":"Bueno saber: informaci\u00f3n \u00fatil y consejos sobre M\u00e1laga, desde viajes hasta servicios, para una visita o estancia m\u00e1s f\u00e1cil.","og_url":"https:\/\/takecaremalaga.com\/es\/tips\/bueno-saber\/","og_site_name":"Take Care M\u00e1laga","article_publisher":"https:\/\/www.facebook.com\/takecaremalaga","article_modified_time":"2026-02-23T16:43:10+00:00","og_image":[{"width":1024,"height":681,"url":"https:\/\/takecaremalaga.com\/wp-content\/uploads\/2024\/03\/KR-622.jpg","type":"image\/jpeg"}],"twitter_card":"summary_large_image","twitter_misc":{"Tiempo de lectura":"3 minutos"},"schema":{"@context":"https:\/\/schema.org","@graph":[{"@type":"WebPage","@id":"https:\/\/takecaremalaga.com\/es\/tips\/bueno-saber\/","url":"https:\/\/takecaremalaga.com\/es\/tips\/bueno-saber\/","name":"Bueno saber - Take Care M\u00e1laga","isPartOf":{"@id":"https:\/\/takecaremalaga.com\/es\/#website"},"primaryImageOfPage":{"@id":"https:\/\/takecaremalaga.com\/es\/tips\/bueno-saber\/#primaryimage"},"image":{"@id":"https:\/\/takecaremalaga.com\/es\/tips\/bueno-saber\/#primaryimage"},"thumbnailUrl":"https:\/\/takecaremalaga.com\/wp-content\/uploads\/2024\/03\/KR-622.jpg","datePublished":"2025-03-14T10:24:11+00:00","dateModified":"2026-02-23T16:43:10+00:00","description":"Bueno saber: informaci\u00f3n \u00fatil y consejos sobre M\u00e1laga, desde viajes hasta servicios, para una visita o estancia m\u00e1s f\u00e1cil.","breadcrumb":{"@id":"https:\/\/takecaremalaga.com\/es\/tips\/bueno-saber\/#breadcrumb"},"inLanguage":"es","potentialAction":[{"@type":"ReadAction","target":["https:\/\/takecaremalaga.com\/es\/tips\/bueno-saber\/"]}]},{"@type":"ImageObject","inLanguage":"es","@id":"https:\/\/takecaremalaga.com\/es\/tips\/bueno-saber\/#primaryimage","url":"https:\/\/takecaremalaga.com\/wp-content\/uploads\/2024\/03\/KR-622.jpg","contentUrl":"https:\/\/takecaremalaga.com\/wp-content\/uploads\/2024\/03\/KR-622.jpg","width":1024,"height":681,"caption":"View from rooftop bar Malaga AC Marriott"},{"@type":"BreadcrumbList","@id":"https:\/\/takecaremalaga.com\/es\/tips\/bueno-saber\/#breadcrumb","itemListElement":[{"@type":"ListItem","position":1,"name":"Portada","item":"https:\/\/takecaremalaga.com\/es\/"},{"@type":"ListItem","position":2,"name":"Tips","item":"https:\/\/takecaremalaga.com\/es\/tips\/"},{"@type":"ListItem","position":3,"name":"Bueno saber"}]},{"@type":"WebSite","@id":"https:\/\/takecaremalaga.com\/es\/#website","url":"https:\/\/takecaremalaga.com\/es\/","name":"Take Care M\u00e1laga","description":"Propiedades Vacacionales en M\u00e1laga","publisher":{"@id":"https:\/\/takecaremalaga.com\/es\/#organization"},"potentialAction":[{"@type":"SearchAction","target":{"@type":"EntryPoint","urlTemplate":"https:\/\/takecaremalaga.com\/es\/?s={search_term_string}"},"query-input":{"@type":"PropertyValueSpecification","valueRequired":true,"valueName":"search_term_string"}}],"inLanguage":"es"},{"@type":"Organization","@id":"https:\/\/takecaremalaga.com\/es\/#organization","name":"Take Care M\u00e1laga","url":"https:\/\/takecaremalaga.com\/es\/","logo":{"@type":"ImageObject","inLanguage":"es","@id":"https:\/\/takecaremalaga.com\/es\/#\/schema\/logo\/image\/","url":"https:\/\/takecaremalaga.com\/wp-content\/uploads\/2020\/09\/logo-tcm-v2.png","contentUrl":"https:\/\/takecaremalaga.com\/wp-content\/uploads\/2020\/09\/logo-tcm-v2.png","width":300,"height":100,"caption":"Take Care M\u00e1laga"},"image":{"@id":"https:\/\/takecaremalaga.com\/es\/#\/schema\/logo\/image\/"},"sameAs":["https:\/\/www.facebook.com\/takecaremalaga","https:\/\/www.instagram.com\/takecaremalaga","https:\/\/www.linkedin.com\/company\/take-care-malaga\/"]}]}},"_links":{"self":[{"href":"https:\/\/takecaremalaga.com\/es\/wp-json\/wp\/v2\/pages\/20894","targetHints":{"allow":["GET"]}}],"collection":[{"href":"https:\/\/takecaremalaga.com\/es\/wp-json\/wp\/v2\/pages"}],"about":[{"href":"https:\/\/takecaremalaga.com\/es\/wp-json\/wp\/v2\/types\/page"}],"author":[{"embeddable":true,"href":"https:\/\/takecaremalaga.com\/es\/wp-json\/wp\/v2\/users\/1"}],"replies":[{"embeddable":true,"href":"https:\/\/takecaremalaga.com\/es\/wp-json\/wp\/v2\/comments?post=20894"}],"version-history":[{"count":7,"href":"https:\/\/takecaremalaga.com\/es\/wp-json\/wp\/v2\/pages\/20894\/revisions"}],"predecessor-version":[{"id":24080,"href":"https:\/\/takecaremalaga.com\/es\/wp-json\/wp\/v2\/pages\/20894\/revisions\/24080"}],"up":[{"embeddable":true,"href":"https:\/\/takecaremalaga.com\/es\/wp-json\/wp\/v2\/pages\/7553"}],"wp:featuredmedia":[{"embeddable":true,"href":"https:\/\/takecaremalaga.com\/es\/wp-json\/wp\/v2\/media\/12480"}],"wp:attachment":[{"href":"https:\/\/takecaremalaga.com\/es\/wp-json\/wp\/v2\/media?parent=20894"}],"curies":[{"name":"wp","href":"https:\/\/api.w.org\/{rel}","templated":true}]}}