{"id":20007,"date":"2025-02-07T11:30:28","date_gmt":"2025-02-07T10:30:28","guid":{"rendered":"https:\/\/takecaremalaga.com\/lugares-de-interes\/"},"modified":"2026-02-23T17:38:30","modified_gmt":"2026-02-23T16:38:30","slug":"lugares-de-interes","status":"publish","type":"page","link":"https:\/\/takecaremalaga.com\/es\/tips\/lugares-de-interes\/","title":{"rendered":"Lugares de inter\u00e9s"},"content":{"rendered":"\t\t<div data-elementor-type=\"wp-page\" data-elementor-id=\"20007\" class=\"elementor elementor-20007 elementor-19997\">\n\t\t\t\t\t\t<section class=\"elementor-section elementor-top-section elementor-element elementor-element-d98f9cf elementor-section-boxed elementor-section-height-default elementor-section-height-default\" data-id=\"d98f9cf\" data-element_type=\"section\">\n\t\t\t\t\t\t<div class=\"elementor-container elementor-column-gap-default\">\n\t\t\t\t\t<div class=\"elementor-column elementor-col-100 elementor-top-column elementor-element elementor-element-e0e29fc\" data-id=\"e0e29fc\" data-element_type=\"column\">\n\t\t\t<div class=\"elementor-widget-wrap elementor-element-populated\">\n\t\t\t\t\t\t<div class=\"elementor-element elementor-element-be71f28 elementor-widget elementor-widget-text-editor\" data-id=\"be71f28\" data-element_type=\"widget\" data-widget_type=\"text-editor.default\">\n\t\t\t\t<div class=\"elementor-widget-container\">\n\t\t\t\t\t\t\t\t\t<p>\u00bfPlaneas tus vacaciones en M\u00e1laga y buscas los principales lugares de inter\u00e9s? En esta p\u00e1gina descubrir\u00e1s los monumentos m\u00e1s emblem\u00e1ticos de M\u00e1laga, lugares hist\u00f3ricos, atracciones culturales y lugares de visita que muestran el rico patrimonio y encanto de la ciudad.<\/p><p>Para un viaje realmente inolvidable <strong><a href=\"https:\/\/takecaremalaga.com\/es\/take-care-malaga-city-guide\/\">desc\u00e1rgate nuestra completa Gu\u00eda de Viajes de M\u00e1laga<\/a><\/strong>. Descubre las mejores formas de llegar desde el aeropuerto de M\u00e1laga a la ciudad, recomendaciones sobre comida y bebida locales, incluyendo los mejores lugares para desayunar, los favoritos para almorzar y los elegantes bares en azoteas, as\u00ed como una lista seleccionada de lugares de inter\u00e9s y actividades imprescindibles en M\u00e1laga. Tambi\u00e9n incluimos emocionantes excursiones de un d\u00eda y atracciones a las afueras de la ciudad, para que tu experiencia sea perfecta.<\/p>\t\t\t\t\t\t\t\t<\/div>\n\t\t\t\t<\/div>\n\t\t\t\t<div class=\"elementor-element elementor-element-4ef82f2 elementor-widget elementor-widget-ere-news-widget-home\" data-id=\"4ef82f2\" data-element_type=\"widget\" data-widget_type=\"ere-news-widget-home.default\">\n\t\t\t\t<div class=\"elementor-widget-container\">\n\t\t\t\t\t            <section id=\"rh-4ef82f2\" class=\"rhea_ele_property_ajax_target rhea_latest_properties_ajax rh_elementor_widget rh_wrapper__news_elementor\">\n                <div class=\"home-properties-section-inner-target\">\n                    <div class=\"rh_properties_pagination_append rh_section__news_elementor\">\n\t\t\t\t\t\t                            <article>\n\n                                <div class=\"rh_news_module_inner\">\n                                    <div class=\"rh-wrapper-post-media\">\n\t\t\t\t\t\t\t\t\t\t\t<figure>\n\t\t<a href=\"https:\/\/takecaremalaga.com\/es\/las-mejores-lugares-de-interes-de-malaga\/\" title=\"Los mejores lugares de inter\u00e9s de M\u00e1laga\">\n\t\t\t<img fetchpriority=\"high\" decoding=\"async\" width=\"488\" height=\"326\" src=\"https:\/\/takecaremalaga.com\/wp-content\/uploads\/2024\/02\/KR-622-488x326.jpg\" class=\"attachment-property-thumb-image size-property-thumb-image wp-post-image\" alt=\"Cathedral Malaga\" srcset=\"https:\/\/takecaremalaga.com\/wp-content\/uploads\/2024\/02\/KR-622-488x326.jpg 488w, https:\/\/takecaremalaga.com\/wp-content\/uploads\/2024\/02\/KR-622-300x200.jpg 300w, https:\/\/takecaremalaga.com\/wp-content\/uploads\/2024\/02\/KR-622-768x511.jpg 768w, https:\/\/takecaremalaga.com\/wp-content\/uploads\/2024\/02\/KR-622-150x100.jpg 150w, https:\/\/takecaremalaga.com\/wp-content\/uploads\/2024\/02\/KR-622.jpg 1024w\" sizes=\"(max-width: 488px) 100vw, 488px\" \/>\t\t<\/a>\n\t<\/figure>\n\t                                    <\/div>\n\n                                    <div class=\"rh-wrapper-post-contents_elementor\">\n\t\t\t\t\t\t\t\t\t\t\n                                        <h3 class=\"post-title\">\n                                            <a href=\"https:\/\/takecaremalaga.com\/es\/las-mejores-lugares-de-interes-de-malaga\/\">Los mejores lugares de inter\u00e9s de M\u00e1laga<\/a>\n                                        <\/h3>\n\n\t\t\t\t\t\t\t\t\t\t                                            <p>\u00bfVienes a M\u00e1laga unos d\u00edas y quieres ver los mejores lugares de inter\u00e9s? Te&hellip;<\/p>\n                                                                                <\/div>\n                                <\/div>\n                            <\/article>\n                                                <\/div>\n\t\t\t\t\t                        <div class=\"rhea_svg_loader\">\n\t\t\t\t\t\t\t<svg xmlns=\"http:\/\/www.w3.org\/2000\/svg\" viewBox=\"0 0 32 32\" width=\"32\" height=\"32\" fill=\"#dedede\">\n  <path transform=\"translate(2)\" d=\"M0 12 V20 H4 V12z\"> \n    <animate attributeName=\"d\" values=\"M0 12 V20 H4 V12z; M0 4 V28 H4 V4z; M0 12 V20 H4 V12z; M0 12 V20 H4 V12z\" dur=\"1.2s\" repeatCount=\"indefinite\" begin=\"0\" keytimes=\"0;.2;.5;1\" keySplines=\"0.2 0.2 0.4 0.8;0.2 0.6 0.4 0.8;0.2 0.8 0.4 0.8\" calcMode=\"spline\"  \/>\n  <\/path>\n  <path transform=\"translate(8)\" d=\"M0 12 V20 H4 V12z\">\n    <animate attributeName=\"d\" values=\"M0 12 V20 H4 V12z; M0 4 V28 H4 V4z; M0 12 V20 H4 V12z; M0 12 V20 H4 V12z\" dur=\"1.2s\" repeatCount=\"indefinite\" begin=\"0.2\" keytimes=\"0;.2;.5;1\" keySplines=\"0.2 0.2 0.4 0.8;0.2 0.6 0.4 0.8;0.2 0.8 0.4 0.8\" calcMode=\"spline\"  \/>\n  <\/path>\n  <path transform=\"translate(14)\" d=\"M0 12 V20 H4 V12z\">\n    <animate attributeName=\"d\" values=\"M0 12 V20 H4 V12z; M0 4 V28 H4 V4z; M0 12 V20 H4 V12z; M0 12 V20 H4 V12z\" dur=\"1.2s\" repeatCount=\"indefinite\" begin=\"0.4\" keytimes=\"0;.2;.5;1\" keySplines=\"0.2 0.2 0.4 0.8;0.2 0.6 0.4 0.8;0.2 0.8 0.4 0.8\" calcMode=\"spline\" \/>\n  <\/path>\n  <path transform=\"translate(20)\" d=\"M0 12 V20 H4 V12z\">\n    <animate attributeName=\"d\" values=\"M0 12 V20 H4 V12z; M0 4 V28 H4 V4z; M0 12 V20 H4 V12z; M0 12 V20 H4 V12z\" dur=\"1.2s\" repeatCount=\"indefinite\" begin=\"0.6\" keytimes=\"0;.2;.5;1\" keySplines=\"0.2 0.2 0.4 0.8;0.2 0.6 0.4 0.8;0.2 0.8 0.4 0.8\" calcMode=\"spline\" \/>\n  <\/path>\n  <path transform=\"translate(26)\" d=\"M0 12 V20 H4 V12z\">\n    <animate attributeName=\"d\" values=\"M0 12 V20 H4 V12z; M0 4 V28 H4 V4z; M0 12 V20 H4 V12z; M0 12 V20 H4 V12z\" dur=\"1.2s\" repeatCount=\"indefinite\" begin=\"0.8\" keytimes=\"0;.2;.5;1\" keySplines=\"0.2 0.2 0.4 0.8;0.2 0.6 0.4 0.8;0.2 0.8 0.4 0.8\" calcMode=\"spline\" \/>\n  <\/path>\n<\/svg>\n                        <\/div>\n\t\t\t\t\t\t                <\/div>\n            <\/section>\n\t\t\t\t\t\t\t<\/div>\n\t\t\t\t<\/div>\n\t\t\t\t\t<\/div>\n\t\t<\/div>\n\t\t\t\t\t<\/div>\n\t\t<\/section>\n\t\t\t\t<\/div>\n\t\t","protected":false},"excerpt":{"rendered":"<p>\u00bfPlaneas tus vacaciones en M\u00e1laga y buscas los principales lugares de inter\u00e9s? En esta p\u00e1gina descubrir\u00e1s los monumentos m\u00e1s emblem\u00e1ticos de M\u00e1laga, lugares hist\u00f3ricos, atracciones culturales y lugares de visita que muestran el rico patrimonio y encanto de la ciudad. Para un viaje realmente inolvidable desc\u00e1rgate nuestra completa Gu\u00eda de Viajes de M\u00e1laga. Descubre las&#8230;<\/p>\n","protected":false},"author":1,"featured_media":12480,"parent":7553,"menu_order":74,"comment_status":"closed","ping_status":"closed","template":"","meta":{"footnotes":""},"class_list":["post-20007","page","type-page","status-publish","has-post-thumbnail","hentry"],"yoast_head":"<!-- This site is optimized with the Yoast SEO plugin v27.5 - https:\/\/yoast.com\/product\/yoast-seo-wordpress\/ -->\n<title>Lugares de inter\u00e9s - Take Care M\u00e1laga<\/title>\n<meta name=\"description\" content=\"\u00bfBusca los lugares de inter\u00e9s m\u00e1s bonitos para visitar durante sus vacaciones en M\u00e1laga? Descubra todo lo que necesita saber!\" \/>\n<meta name=\"robots\" content=\"index, follow, max-snippet:-1, max-image-preview:large, max-video-preview:-1\" \/>\n<link rel=\"canonical\" href=\"https:\/\/takecaremalaga.com\/es\/tips\/lugares-de-interes\/\" \/>\n<meta property=\"og:locale\" content=\"es_ES\" \/>\n<meta property=\"og:type\" content=\"article\" \/>\n<meta property=\"og:title\" content=\"Lugares de inter\u00e9s - Take Care M\u00e1laga\" \/>\n<meta property=\"og:description\" content=\"\u00bfBusca los lugares de inter\u00e9s m\u00e1s bonitos para visitar durante sus vacaciones en M\u00e1laga? Descubra todo lo que necesita saber!\" \/>\n<meta property=\"og:url\" content=\"https:\/\/takecaremalaga.com\/es\/tips\/lugares-de-interes\/\" \/>\n<meta property=\"og:site_name\" content=\"Take Care M\u00e1laga\" \/>\n<meta property=\"article:publisher\" content=\"https:\/\/www.facebook.com\/takecaremalaga\" \/>\n<meta property=\"article:modified_time\" content=\"2026-02-23T16:38:30+00:00\" \/>\n<meta property=\"og:image\" content=\"https:\/\/takecaremalaga.com\/wp-content\/uploads\/2024\/03\/KR-622.jpg\" \/>\n\t<meta property=\"og:image:width\" content=\"1024\" \/>\n\t<meta property=\"og:image:height\" content=\"681\" \/>\n\t<meta property=\"og:image:type\" content=\"image\/jpeg\" \/>\n<meta name=\"twitter:card\" content=\"summary_large_image\" \/>\n<meta name=\"twitter:label1\" content=\"Tiempo de lectura\" \/>\n\t<meta name=\"twitter:data1\" content=\"1 minuto\" \/>\n<script type=\"application\/ld+json\" class=\"yoast-schema-graph\">{\"@context\":\"https:\\\/\\\/schema.org\",\"@graph\":[{\"@type\":\"WebPage\",\"@id\":\"https:\\\/\\\/takecaremalaga.com\\\/es\\\/tips\\\/lugares-de-interes\\\/\",\"url\":\"https:\\\/\\\/takecaremalaga.com\\\/es\\\/tips\\\/lugares-de-interes\\\/\",\"name\":\"Lugares de inter\u00e9s - Take Care M\u00e1laga\",\"isPartOf\":{\"@id\":\"https:\\\/\\\/takecaremalaga.com\\\/es\\\/#website\"},\"primaryImageOfPage\":{\"@id\":\"https:\\\/\\\/takecaremalaga.com\\\/es\\\/tips\\\/lugares-de-interes\\\/#primaryimage\"},\"image\":{\"@id\":\"https:\\\/\\\/takecaremalaga.com\\\/es\\\/tips\\\/lugares-de-interes\\\/#primaryimage\"},\"thumbnailUrl\":\"https:\\\/\\\/takecaremalaga.com\\\/wp-content\\\/uploads\\\/2024\\\/03\\\/KR-622.jpg\",\"datePublished\":\"2025-02-07T10:30:28+00:00\",\"dateModified\":\"2026-02-23T16:38:30+00:00\",\"description\":\"\u00bfBusca los lugares de inter\u00e9s m\u00e1s bonitos para visitar durante sus vacaciones en M\u00e1laga? Descubra todo lo que necesita saber!\",\"breadcrumb\":{\"@id\":\"https:\\\/\\\/takecaremalaga.com\\\/es\\\/tips\\\/lugares-de-interes\\\/#breadcrumb\"},\"inLanguage\":\"es\",\"potentialAction\":[{\"@type\":\"ReadAction\",\"target\":[\"https:\\\/\\\/takecaremalaga.com\\\/es\\\/tips\\\/lugares-de-interes\\\/\"]}]},{\"@type\":\"ImageObject\",\"inLanguage\":\"es\",\"@id\":\"https:\\\/\\\/takecaremalaga.com\\\/es\\\/tips\\\/lugares-de-interes\\\/#primaryimage\",\"url\":\"https:\\\/\\\/takecaremalaga.com\\\/wp-content\\\/uploads\\\/2024\\\/03\\\/KR-622.jpg\",\"contentUrl\":\"https:\\\/\\\/takecaremalaga.com\\\/wp-content\\\/uploads\\\/2024\\\/03\\\/KR-622.jpg\",\"width\":1024,\"height\":681,\"caption\":\"View from rooftop bar Malaga AC Marriott\"},{\"@type\":\"BreadcrumbList\",\"@id\":\"https:\\\/\\\/takecaremalaga.com\\\/es\\\/tips\\\/lugares-de-interes\\\/#breadcrumb\",\"itemListElement\":[{\"@type\":\"ListItem\",\"position\":1,\"name\":\"Portada\",\"item\":\"https:\\\/\\\/takecaremalaga.com\\\/es\\\/\"},{\"@type\":\"ListItem\",\"position\":2,\"name\":\"Tips\",\"item\":\"https:\\\/\\\/takecaremalaga.com\\\/es\\\/tips\\\/\"},{\"@type\":\"ListItem\",\"position\":3,\"name\":\"Lugares de inter\u00e9s\"}]},{\"@type\":\"WebSite\",\"@id\":\"https:\\\/\\\/takecaremalaga.com\\\/es\\\/#website\",\"url\":\"https:\\\/\\\/takecaremalaga.com\\\/es\\\/\",\"name\":\"Take Care M\u00e1laga\",\"description\":\"Propiedades Vacacionales en M\u00e1laga\",\"publisher\":{\"@id\":\"https:\\\/\\\/takecaremalaga.com\\\/es\\\/#organization\"},\"potentialAction\":[{\"@type\":\"SearchAction\",\"target\":{\"@type\":\"EntryPoint\",\"urlTemplate\":\"https:\\\/\\\/takecaremalaga.com\\\/es\\\/?s={search_term_string}\"},\"query-input\":{\"@type\":\"PropertyValueSpecification\",\"valueRequired\":true,\"valueName\":\"search_term_string\"}}],\"inLanguage\":\"es\"},{\"@type\":\"Organization\",\"@id\":\"https:\\\/\\\/takecaremalaga.com\\\/es\\\/#organization\",\"name\":\"Take Care M\u00e1laga\",\"url\":\"https:\\\/\\\/takecaremalaga.com\\\/es\\\/\",\"logo\":{\"@type\":\"ImageObject\",\"inLanguage\":\"es\",\"@id\":\"https:\\\/\\\/takecaremalaga.com\\\/es\\\/#\\\/schema\\\/logo\\\/image\\\/\",\"url\":\"https:\\\/\\\/takecaremalaga.com\\\/wp-content\\\/uploads\\\/2020\\\/09\\\/logo-tcm-v2.png\",\"contentUrl\":\"https:\\\/\\\/takecaremalaga.com\\\/wp-content\\\/uploads\\\/2020\\\/09\\\/logo-tcm-v2.png\",\"width\":300,\"height\":100,\"caption\":\"Take Care M\u00e1laga\"},\"image\":{\"@id\":\"https:\\\/\\\/takecaremalaga.com\\\/es\\\/#\\\/schema\\\/logo\\\/image\\\/\"},\"sameAs\":[\"https:\\\/\\\/www.facebook.com\\\/takecaremalaga\",\"https:\\\/\\\/www.instagram.com\\\/takecaremalaga\",\"https:\\\/\\\/www.linkedin.com\\\/company\\\/take-care-malaga\\\/\"]}]}<\/script>\n<!-- \/ Yoast SEO plugin. -->","yoast_head_json":{"title":"Lugares de inter\u00e9s - Take Care M\u00e1laga","description":"\u00bfBusca los lugares de inter\u00e9s m\u00e1s bonitos para visitar durante sus vacaciones en M\u00e1laga? Descubra todo lo que necesita saber!","robots":{"index":"index","follow":"follow","max-snippet":"max-snippet:-1","max-image-preview":"max-image-preview:large","max-video-preview":"max-video-preview:-1"},"canonical":"https:\/\/takecaremalaga.com\/es\/tips\/lugares-de-interes\/","og_locale":"es_ES","og_type":"article","og_title":"Lugares de inter\u00e9s - Take Care M\u00e1laga","og_description":"\u00bfBusca los lugares de inter\u00e9s m\u00e1s bonitos para visitar durante sus vacaciones en M\u00e1laga? Descubra todo lo que necesita saber!","og_url":"https:\/\/takecaremalaga.com\/es\/tips\/lugares-de-interes\/","og_site_name":"Take Care M\u00e1laga","article_publisher":"https:\/\/www.facebook.com\/takecaremalaga","article_modified_time":"2026-02-23T16:38:30+00:00","og_image":[{"width":1024,"height":681,"url":"https:\/\/takecaremalaga.com\/wp-content\/uploads\/2024\/03\/KR-622.jpg","type":"image\/jpeg"}],"twitter_card":"summary_large_image","twitter_misc":{"Tiempo de lectura":"1 minuto"},"schema":{"@context":"https:\/\/schema.org","@graph":[{"@type":"WebPage","@id":"https:\/\/takecaremalaga.com\/es\/tips\/lugares-de-interes\/","url":"https:\/\/takecaremalaga.com\/es\/tips\/lugares-de-interes\/","name":"Lugares de inter\u00e9s - Take Care M\u00e1laga","isPartOf":{"@id":"https:\/\/takecaremalaga.com\/es\/#website"},"primaryImageOfPage":{"@id":"https:\/\/takecaremalaga.com\/es\/tips\/lugares-de-interes\/#primaryimage"},"image":{"@id":"https:\/\/takecaremalaga.com\/es\/tips\/lugares-de-interes\/#primaryimage"},"thumbnailUrl":"https:\/\/takecaremalaga.com\/wp-content\/uploads\/2024\/03\/KR-622.jpg","datePublished":"2025-02-07T10:30:28+00:00","dateModified":"2026-02-23T16:38:30+00:00","description":"\u00bfBusca los lugares de inter\u00e9s m\u00e1s bonitos para visitar durante sus vacaciones en M\u00e1laga? Descubra todo lo que necesita saber!","breadcrumb":{"@id":"https:\/\/takecaremalaga.com\/es\/tips\/lugares-de-interes\/#breadcrumb"},"inLanguage":"es","potentialAction":[{"@type":"ReadAction","target":["https:\/\/takecaremalaga.com\/es\/tips\/lugares-de-interes\/"]}]},{"@type":"ImageObject","inLanguage":"es","@id":"https:\/\/takecaremalaga.com\/es\/tips\/lugares-de-interes\/#primaryimage","url":"https:\/\/takecaremalaga.com\/wp-content\/uploads\/2024\/03\/KR-622.jpg","contentUrl":"https:\/\/takecaremalaga.com\/wp-content\/uploads\/2024\/03\/KR-622.jpg","width":1024,"height":681,"caption":"View from rooftop bar Malaga AC Marriott"},{"@type":"BreadcrumbList","@id":"https:\/\/takecaremalaga.com\/es\/tips\/lugares-de-interes\/#breadcrumb","itemListElement":[{"@type":"ListItem","position":1,"name":"Portada","item":"https:\/\/takecaremalaga.com\/es\/"},{"@type":"ListItem","position":2,"name":"Tips","item":"https:\/\/takecaremalaga.com\/es\/tips\/"},{"@type":"ListItem","position":3,"name":"Lugares de inter\u00e9s"}]},{"@type":"WebSite","@id":"https:\/\/takecaremalaga.com\/es\/#website","url":"https:\/\/takecaremalaga.com\/es\/","name":"Take Care M\u00e1laga","description":"Propiedades Vacacionales en M\u00e1laga","publisher":{"@id":"https:\/\/takecaremalaga.com\/es\/#organization"},"potentialAction":[{"@type":"SearchAction","target":{"@type":"EntryPoint","urlTemplate":"https:\/\/takecaremalaga.com\/es\/?s={search_term_string}"},"query-input":{"@type":"PropertyValueSpecification","valueRequired":true,"valueName":"search_term_string"}}],"inLanguage":"es"},{"@type":"Organization","@id":"https:\/\/takecaremalaga.com\/es\/#organization","name":"Take Care M\u00e1laga","url":"https:\/\/takecaremalaga.com\/es\/","logo":{"@type":"ImageObject","inLanguage":"es","@id":"https:\/\/takecaremalaga.com\/es\/#\/schema\/logo\/image\/","url":"https:\/\/takecaremalaga.com\/wp-content\/uploads\/2020\/09\/logo-tcm-v2.png","contentUrl":"https:\/\/takecaremalaga.com\/wp-content\/uploads\/2020\/09\/logo-tcm-v2.png","width":300,"height":100,"caption":"Take Care M\u00e1laga"},"image":{"@id":"https:\/\/takecaremalaga.com\/es\/#\/schema\/logo\/image\/"},"sameAs":["https:\/\/www.facebook.com\/takecaremalaga","https:\/\/www.instagram.com\/takecaremalaga","https:\/\/www.linkedin.com\/company\/take-care-malaga\/"]}]}},"_links":{"self":[{"href":"https:\/\/takecaremalaga.com\/es\/wp-json\/wp\/v2\/pages\/20007","targetHints":{"allow":["GET"]}}],"collection":[{"href":"https:\/\/takecaremalaga.com\/es\/wp-json\/wp\/v2\/pages"}],"about":[{"href":"https:\/\/takecaremalaga.com\/es\/wp-json\/wp\/v2\/types\/page"}],"author":[{"embeddable":true,"href":"https:\/\/takecaremalaga.com\/es\/wp-json\/wp\/v2\/users\/1"}],"replies":[{"embeddable":true,"href":"https:\/\/takecaremalaga.com\/es\/wp-json\/wp\/v2\/comments?post=20007"}],"version-history":[{"count":8,"href":"https:\/\/takecaremalaga.com\/es\/wp-json\/wp\/v2\/pages\/20007\/revisions"}],"predecessor-version":[{"id":24068,"href":"https:\/\/takecaremalaga.com\/es\/wp-json\/wp\/v2\/pages\/20007\/revisions\/24068"}],"up":[{"embeddable":true,"href":"https:\/\/takecaremalaga.com\/es\/wp-json\/wp\/v2\/pages\/7553"}],"wp:featuredmedia":[{"embeddable":true,"href":"https:\/\/takecaremalaga.com\/es\/wp-json\/wp\/v2\/media\/12480"}],"wp:attachment":[{"href":"https:\/\/takecaremalaga.com\/es\/wp-json\/wp\/v2\/media?parent=20007"}],"curies":[{"name":"wp","href":"https:\/\/api.w.org\/{rel}","templated":true}]}}